{"id":91,"date":"2015-03-29T12:40:54","date_gmt":"2015-03-29T12:40:54","guid":{"rendered":"http:\/\/schule-sterntalerstrasse.schulhomepages.hamburg.de\/?page_id=91"},"modified":"2026-01-04T21:18:13","modified_gmt":"2026-01-04T20:18:13","slug":"kontakt-3","status":"publish","type":"page","link":"https:\/\/schule-sterntalerstrasse.hamburg.de\/?page_id=91","title":{"rendered":"Kontakt"},"content":{"rendered":"<p>[et_pb_section fb_built=&#8220;1&#8243; admin_label=&#8220;section&#8220; _builder_version=&#8220;4.16&#8243; global_colors_info=&#8220;{}&#8220;][et_pb_row admin_label=&#8220;row&#8220; _builder_version=&#8220;4.16&#8243; background_size=&#8220;initial&#8220; background_position=&#8220;top_left&#8220; background_repeat=&#8220;repeat&#8220; global_colors_info=&#8220;{}&#8220;][et_pb_column type=&#8220;4_4&#8243; _builder_version=&#8220;4.16&#8243; custom_padding=&#8220;|||&#8220; global_colors_info=&#8220;{}&#8220; custom_padding__hover=&#8220;|||&#8220;][et_pb_text admin_label=&#8220;Text&#8220; _builder_version=&#8220;4.27.5&#8243; background_size=&#8220;initial&#8220; background_position=&#8220;top_left&#8220; background_repeat=&#8220;repeat&#8220; hover_enabled=&#8220;0&#8243; global_colors_info=&#8220;{}&#8220; sticky_enabled=&#8220;0&#8243;]<\/p>\n<p><span style=\"color: #0f0082;font-size: large\"><strong>Schule Sterntalerstra\u00dfe<br \/><\/strong><\/span><strong style=\"color: #0f0082;font-size: large\">Sterntalerstra\u00dfe 42<br \/><\/strong><strong style=\"color: #0f0082;font-size: large\">22119 Hamburg<\/strong><strong style=\"color: #0f0082;font-size: large\"><\/strong><\/p>\n<p><span style=\"color: #0f0082\"><\/span><\/p>\n<p><span style=\"color: #0f0082\"><strong>Schulb\u00fcro:<\/strong> Frau Yasav<br \/><\/span><span style=\"color: #0f0082;font-size: 14px\"><strong>\u00d6ffnungszeiten:<\/strong>\u00a0 7:30 bis 14:30 Uhr<\/span><\/p>\n<p><span style=\"color: #0f0082\"><strong>Telefon:<\/strong> 040\u00a042 88 673 &#8211; 0\u00a0\u00a0 Fax: 040 42 88 673 22<\/span><\/p>\n<p><span style=\"color: #0f0082\"><strong>E-mail B\u00fcro:<\/strong> <\/span><span style=\"color: #0f0082;font-size: 14px\"><\/span><a href=\"mailto:derya.yasav1@bsb.hamburg.de\" style=\"font-size: 14px;color: #0f0082\">derya.yasav1@bsfb.hamburg.de<\/a><br \/><span style=\"color: #0f0082;font-size: 14px\"><strong>E-mail Schule:<\/strong> <\/span><a href=\"mailto:schule-sterntalertrasse@bsb.hamburg.de\" style=\"font-size: 14px;color: #0f0082\">schule-sterntalerstrasse@bsfb.hamburg.de<\/a><\/p>\n<p>&nbsp;<\/p>\n<p>&nbsp;<\/p>\n<p><span style=\"color: #0f0082\"><strong>Schulleitung:<\/strong> Frau Schmidt<\/span><br \/><span style=\"color: #0f0082\"><strong> Stellv. Schulleitung:<\/strong> Frau Schlichting<\/span><\/p>\n<p><span style=\"color: #0f0082\"><strong>Hausmeister:<\/strong> Herr Kedenburg, Frau Freude<\/span><\/p>\n<p><span style=\"color: #0f0082\"><\/span><\/p>\n<p><span style=\"color: #0f0082\"><\/span><\/p>\n<p><span style=\"font-size: large\"><strong><span style=\"color: #0f0082\">Sie k\u00f6nnen uns auch direkt \u00fcber das Kontaktformular eine Nachricht schicken:<\/span><\/strong><\/span><\/p>\n<p><span style=\"color: #0f0082\"><\/span><\/p>\n<p>[\/et_pb_text][et_pb_contact_form email=&#8220;schule-sterntalerstrasse@bsb.hamburg.de&#8220; _builder_version=&#8220;4.25.2&#8243; _module_preset=&#8220;default&#8220; _unique_id=&#8220;4624bd98-4c1c-48ef-ba0b-cbc3e6fe771f&#8220; global_colors_info=&#8220;{}&#8220;][et_pb_contact_field field_id=&#8220;Name&#8220; field_title=&#8220;Name&#8220; _builder_version=&#8220;4.16&#8243; global_colors_info=&#8220;{}&#8220; button_text_size__hover_enabled=&#8220;off&#8220; button_one_text_size__hover_enabled=&#8220;off&#8220; button_two_text_size__hover_enabled=&#8220;off&#8220; button_text_color__hover_enabled=&#8220;off&#8220; button_one_text_color__hover_enabled=&#8220;off&#8220; button_two_text_color__hover_enabled=&#8220;off&#8220; button_border_width__hover_enabled=&#8220;off&#8220; button_one_border_width__hover_enabled=&#8220;off&#8220; button_two_border_width__hover_enabled=&#8220;off&#8220; button_border_color__hover_enabled=&#8220;off&#8220; button_one_border_color__hover_enabled=&#8220;off&#8220; button_two_border_color__hover_enabled=&#8220;off&#8220; button_border_radius__hover_enabled=&#8220;off&#8220; button_one_border_radius__hover_enabled=&#8220;off&#8220; button_two_border_radius__hover_enabled=&#8220;off&#8220; button_letter_spacing__hover_enabled=&#8220;off&#8220; button_one_letter_spacing__hover_enabled=&#8220;off&#8220; button_two_letter_spacing__hover_enabled=&#8220;off&#8220; button_bg_color__hover_enabled=&#8220;off&#8220; button_one_bg_color__hover_enabled=&#8220;off&#8220; button_two_bg_color__hover_enabled=&#8220;off&#8220;][\/et_pb_contact_field][et_pb_contact_field field_id=&#8220;Email&#8220; field_title=&#8220;E-Mail-Adresse&#8220; field_type=&#8220;email&#8220; _builder_version=&#8220;4.16&#8243; global_colors_info=&#8220;{}&#8220; button_text_size__hover_enabled=&#8220;off&#8220; button_one_text_size__hover_enabled=&#8220;off&#8220; button_two_text_size__hover_enabled=&#8220;off&#8220; button_text_color__hover_enabled=&#8220;off&#8220; button_one_text_color__hover_enabled=&#8220;off&#8220; button_two_text_color__hover_enabled=&#8220;off&#8220; button_border_width__hover_enabled=&#8220;off&#8220; button_one_border_width__hover_enabled=&#8220;off&#8220; button_two_border_width__hover_enabled=&#8220;off&#8220; button_border_color__hover_enabled=&#8220;off&#8220; button_one_border_color__hover_enabled=&#8220;off&#8220; button_two_border_color__hover_enabled=&#8220;off&#8220; button_border_radius__hover_enabled=&#8220;off&#8220; button_one_border_radius__hover_enabled=&#8220;off&#8220; button_two_border_radius__hover_enabled=&#8220;off&#8220; button_letter_spacing__hover_enabled=&#8220;off&#8220; button_one_letter_spacing__hover_enabled=&#8220;off&#8220; button_two_letter_spacing__hover_enabled=&#8220;off&#8220; button_bg_color__hover_enabled=&#8220;off&#8220; button_one_bg_color__hover_enabled=&#8220;off&#8220; button_two_bg_color__hover_enabled=&#8220;off&#8220;][\/et_pb_contact_field][et_pb_contact_field field_id=&#8220;Message&#8220; field_title=&#8220;Nachricht&#8220; field_type=&#8220;text&#8220; fullwidth_field=&#8220;on&#8220; _builder_version=&#8220;4.16&#8243; global_colors_info=&#8220;{}&#8220; button_text_size__hover_enabled=&#8220;off&#8220; button_one_text_size__hover_enabled=&#8220;off&#8220; button_two_text_size__hover_enabled=&#8220;off&#8220; button_text_color__hover_enabled=&#8220;off&#8220; button_one_text_color__hover_enabled=&#8220;off&#8220; button_two_text_color__hover_enabled=&#8220;off&#8220; button_border_width__hover_enabled=&#8220;off&#8220; button_one_border_width__hover_enabled=&#8220;off&#8220; button_two_border_width__hover_enabled=&#8220;off&#8220; button_border_color__hover_enabled=&#8220;off&#8220; button_one_border_color__hover_enabled=&#8220;off&#8220; button_two_border_color__hover_enabled=&#8220;off&#8220; button_border_radius__hover_enabled=&#8220;off&#8220; button_one_border_radius__hover_enabled=&#8220;off&#8220; button_two_border_radius__hover_enabled=&#8220;off&#8220; button_letter_spacing__hover_enabled=&#8220;off&#8220; button_one_letter_spacing__hover_enabled=&#8220;off&#8220; button_two_letter_spacing__hover_enabled=&#8220;off&#8220; button_bg_color__hover_enabled=&#8220;off&#8220; button_one_bg_color__hover_enabled=&#8220;off&#8220; button_two_bg_color__hover_enabled=&#8220;off&#8220;][\/et_pb_contact_field][\/et_pb_contact_form][\/et_pb_column][\/et_pb_row][\/et_pb_section]<\/p>\n","protected":false},"excerpt":{"rendered":"<p>Schule Sterntalerstra\u00dfeSterntalerstra\u00dfe 4222119 Hamburg Schulb\u00fcro: Frau Yasav\u00d6ffnungszeiten:\u00a0 7:30 bis 14:30 Uhr Telefon: 040\u00a042 88 673 &#8211; 0\u00a0\u00a0 Fax: 040 42 88 673 22 E-mail B\u00fcro: derya.yasav1@bsfb.hamburg.deE-mail Schule: schule-sterntalerstrasse@bsfb.hamburg.de &nbsp; &nbsp; Schulleitung: Frau Schmidt Stellv. Schulleitung: Frau Schlichting Hausmeister: Herr Kedenburg, Frau Freude Sie k\u00f6nnen uns auch direkt \u00fcber das Kontaktformular eine Nachricht schicken:<\/p>\n","protected":false},"author":193,"featured_media":0,"parent":0,"menu_order":0,"comment_status":"closed","ping_status":"closed","template":"","meta":{"_acf_changed":false,"_et_pb_use_builder":"on","_et_pb_old_content":"<strong>Schule Sterntalerstra\u00dfe<\/strong>\r\n\r\n<strong>Sterntalerstra\u00dfe 42<\/strong>\r\n\r\n<strong>22119 Hamburg<\/strong>\r\n\r\n<span style=\"color: #0000ff\">Schulb\u00fcro:<\/span>\u00a0Frau Yasav\r\n\r\n<span style=\"color: #0000ff\">\u00d6ffnungszeiten:<\/span>\u00a0 7:30 bis 14:30 Uhr\r\n\r\n<span style=\"color: #0000ff\">Telefon:<\/span> 040\u00a042 88 673 - 0\u00a0\u00a0 Fax: 040 42 88 673 22\r\n\r\n<span style=\"color: #0000ff\">E-mail B\u00fcro:<\/span>\r\n\r\n<a href=\"mailto:derya.yasav1@bsb.hamburg.de\">derya.yasav1@bsb.hamburg.de<\/a>\r\n\r\n<span style=\"color: #0000ff\">E-mail Schule:<\/span> <a href=\"mailto:schule-sterntalertrasse@bsb.hamburg.de\">schule-sterntalerstrasse@bsb.hamburg.de<\/a>\r\n\r\n<span style=\"color: #0000ff\">Schulleitung:<\/span> Frau Schmidt\r\n<span style=\"color: #0000ff\">Stellv. Schulleitung:<\/span> Frau Schlichting\r\n\r\n<span style=\"color: #0000ff\">Hausmeister:<\/span> Herr Kedenburg, Frau Freude\r\n\r\n<strong>Hier k\u00f6nnen Sie uns direkt eine Nachricht schicken:<\/strong>\r\n\r\n[contact-form-7 id=\"137\" title=\"Kontaktformular\"]","_et_gb_content_width":"","footnotes":""},"class_list":["post-91","page","type-page","status-publish","hentry"],"acf":[],"_links":{"self":[{"href":"https:\/\/schule-sterntalerstrasse.hamburg.de\/index.php?rest_route=\/wp\/v2\/pages\/91","targetHints":{"allow":["GET"]}}],"collection":[{"href":"https:\/\/schule-sterntalerstrasse.hamburg.de\/index.php?rest_route=\/wp\/v2\/pages"}],"about":[{"href":"https:\/\/schule-sterntalerstrasse.hamburg.de\/index.php?rest_route=\/wp\/v2\/types\/page"}],"author":[{"embeddable":true,"href":"https:\/\/schule-sterntalerstrasse.hamburg.de\/index.php?rest_route=\/wp\/v2\/users\/193"}],"replies":[{"embeddable":true,"href":"https:\/\/schule-sterntalerstrasse.hamburg.de\/index.php?rest_route=%2Fwp%2Fv2%2Fcomments&post=91"}],"version-history":[{"count":14,"href":"https:\/\/schule-sterntalerstrasse.hamburg.de\/index.php?rest_route=\/wp\/v2\/pages\/91\/revisions"}],"predecessor-version":[{"id":2932,"href":"https:\/\/schule-sterntalerstrasse.hamburg.de\/index.php?rest_route=\/wp\/v2\/pages\/91\/revisions\/2932"}],"wp:attachment":[{"href":"https:\/\/schule-sterntalerstrasse.hamburg.de\/index.php?rest_route=%2Fwp%2Fv2%2Fmedia&parent=91"}],"curies":[{"name":"wp","href":"https:\/\/api.w.org\/{rel}","templated":true}]}}