{"id":72,"date":"2015-03-29T12:40:38","date_gmt":"2015-03-29T12:40:38","guid":{"rendered":"http:\/\/schule-sterntalerstrasse.schulhomepages.hamburg.de\/?page_id=72"},"modified":"2026-01-09T14:18:13","modified_gmt":"2026-01-09T13:18:13","slug":"impressum-3","status":"publish","type":"page","link":"https:\/\/schule-sterntalerstrasse.hamburg.de\/?page_id=72","title":{"rendered":"Impressum"},"content":{"rendered":"<p>[et_pb_section admin_label=&#8220;section&#8220;]<br \/>\n\t\t\t[et_pb_row admin_label=&#8220;row&#8220;]<br \/>\n\t\t\t\t[et_pb_column type=&#8220;4_4&#8243;][et_pb_text admin_label=&#8220;Text&#8220;]Schule Sterntalerstra\u00dfe<br \/>\nVor- und Grundschule<\/p>\n<p>Sterntalerstra\u00dfe 42<\/p>\n<p>22119 Hamburg<\/p>\n<p>Telefon:<br \/>\n040 4288673 &#8211; 0<br \/>\nFax:<br \/>\n040 428867322<br \/>\ne-mail: schule-sterntalerstrasse@bsfb.hamburg.de<br \/>\nVerantwortlicher der Schule f\u00fcr die Website: Frau Schmidt, Schulleiterin<\/p>\n<p>Urheberrecht, Haftung<br \/>\nDas Layout der Homepage, die verwendeten Grafiken sowie die Sammlung der Beitr\u00e4ge sind urheberrechtlich gesch\u00fctzt. Die Seiten d\u00fcrfen nur zum privaten Gebrauch vervielf\u00e4ltigt, \u00c4nderungen nicht vorgenommen und Vervielf\u00e4ltigungsst\u00fccke weder verbreitet noch zur \u00f6ffentlichen Wiedergabe benutzt werden.<br \/>\nDie einzelnen Beitr\u00e4ge sind ebenfalls urheberrechtlich gesch\u00fctzt; weitere Hinweise k\u00f6nnen ggf. dort nachgelesen werden. Alle Informationen auf diesem Server erfolgen ohne Gew\u00e4hr f\u00fcr ihre Richtigkeit. In keinem Fall wird f\u00fcr Sch\u00e4den, die sich aus der Verwendung der abgerufenen Informationen ergeben, eine Haftung \u00fcbernommen.[\/et_pb_text][\/et_pb_column]<br \/>\n\t\t\t[\/et_pb_row]<br \/>\n\t\t[\/et_pb_section]<\/p>\n","protected":false},"excerpt":{"rendered":"<p>Schule Sterntalerstra\u00dfe Vor- und Grundschule Sterntalerstra\u00dfe 42 22119 Hamburg Telefon: 040 4288673 &#8211; 0 Fax: 040 428867322 e-mail: schule-sterntalerstrasse@bsfb.hamburg.de Verantwortlicher der Schule f\u00fcr die Website: Frau Schmidt, Schulleiterin Urheberrecht, Haftung Das Layout der Homepage, die verwendeten Grafiken sowie die Sammlung der Beitr\u00e4ge sind urheberrechtlich gesch\u00fctzt. Die Seiten d\u00fcrfen nur zum privaten Gebrauch vervielf\u00e4ltigt, \u00c4nderungen nicht [&hellip;]<\/p>\n","protected":false},"author":193,"featured_media":0,"parent":0,"menu_order":0,"comment_status":"closed","ping_status":"closed","template":"","meta":{"_acf_changed":false,"_et_pb_use_builder":"on","_et_pb_old_content":"Schule Sterntalerstra\u00dfe\r\nVor- und Grundschule\r\n\r\nSterntalerstra\u00dfe 42\r\n\r\n22119 Hamburg\r\n\r\nTelefon:\r\n040 4288673 - 0\r\nFax:\r\n040 428867322\r\ne-mail: schule-sterntalerstrasse@bsfb.hamburg.de\r\nVerantwortlicher der Schule f\u00fcr die Website: Frau Schmidt, Schulleiterin\r\n\r\nUrheberrecht, Haftung\r\nDas Layout der Homepage, die verwendeten Grafiken sowie die Sammlung der Beitr\u00e4ge sind urheberrechtlich gesch\u00fctzt. Die Seiten d\u00fcrfen nur zum privaten Gebrauch vervielf\u00e4ltigt, \u00c4nderungen nicht vorgenommen und Vervielf\u00e4ltigungsst\u00fccke weder verbreitet noch zur \u00f6ffentlichen Wiedergabe benutzt werden.\r\nDie einzelnen Beitr\u00e4ge sind ebenfalls urheberrechtlich gesch\u00fctzt; weitere Hinweise k\u00f6nnen ggf. dort nachgelesen werden. Alle Informationen auf diesem Server erfolgen ohne Gew\u00e4hr f\u00fcr ihre Richtigkeit. In keinem Fall wird f\u00fcr Sch\u00e4den, die sich aus der Verwendung der abgerufenen Informationen ergeben, eine Haftung \u00fcbernommen.","_et_gb_content_width":"","footnotes":""},"class_list":["post-72","page","type-page","status-publish","hentry"],"acf":[],"_links":{"self":[{"href":"https:\/\/schule-sterntalerstrasse.hamburg.de\/index.php?rest_route=\/wp\/v2\/pages\/72","targetHints":{"allow":["GET"]}}],"collection":[{"href":"https:\/\/schule-sterntalerstrasse.hamburg.de\/index.php?rest_route=\/wp\/v2\/pages"}],"about":[{"href":"https:\/\/schule-sterntalerstrasse.hamburg.de\/index.php?rest_route=\/wp\/v2\/types\/page"}],"author":[{"embeddable":true,"href":"https:\/\/schule-sterntalerstrasse.hamburg.de\/index.php?rest_route=\/wp\/v2\/users\/193"}],"replies":[{"embeddable":true,"href":"https:\/\/schule-sterntalerstrasse.hamburg.de\/index.php?rest_route=%2Fwp%2Fv2%2Fcomments&post=72"}],"version-history":[{"count":5,"href":"https:\/\/schule-sterntalerstrasse.hamburg.de\/index.php?rest_route=\/wp\/v2\/pages\/72\/revisions"}],"predecessor-version":[{"id":2941,"href":"https:\/\/schule-sterntalerstrasse.hamburg.de\/index.php?rest_route=\/wp\/v2\/pages\/72\/revisions\/2941"}],"wp:attachment":[{"href":"https:\/\/schule-sterntalerstrasse.hamburg.de\/index.php?rest_route=%2Fwp%2Fv2%2Fmedia&parent=72"}],"curies":[{"name":"wp","href":"https:\/\/api.w.org\/{rel}","templated":true}]}}