{"id":550,"date":"2016-10-04T16:00:50","date_gmt":"2016-10-04T16:00:50","guid":{"rendered":"http:\/\/schule-sterntalerstrasse.hamburg.de\/?page_id=550"},"modified":"2026-02-20T15:47:44","modified_gmt":"2026-02-20T14:47:44","slug":"leitbild","status":"publish","type":"page","link":"https:\/\/schule-sterntalerstrasse.hamburg.de\/?page_id=550","title":{"rendered":"Leitbild"},"content":{"rendered":"<p>[et_pb_section fb_built=&#8220;1&#8243; _builder_version=&#8220;4.25.1&#8243; global_colors_info=&#8220;{}&#8220;][et_pb_row _builder_version=&#8220;4.27.5&#8243; _module_preset=&#8220;default&#8220;][et_pb_column _builder_version=&#8220;4.27.5&#8243; _module_preset=&#8220;default&#8220; type=&#8220;4_4&#8243;][et_pb_heading title=&#8220;Unser Leitbild&#8220; _builder_version=&#8220;4.27.5&#8243; _module_preset=&#8220;default&#8220; title_text_color=&#8220;#1208a3&#8243; hover_enabled=&#8220;0&#8243; sticky_enabled=&#8220;0&#8243;][\/et_pb_heading][\/et_pb_column][\/et_pb_row][et_pb_row _builder_version=&#8220;4.27.5&#8243; _module_preset=&#8220;default&#8220;][et_pb_column _builder_version=&#8220;4.27.5&#8243; _module_preset=&#8220;default&#8220; type=&#8220;4_4&#8243;][et_pb_image src=&#8220;https:\/\/schule-sterntalerstrasse.hamburg.de\/wp-content\/uploads\/sites\/125\/2026\/02\/Leitbild-1-1024&#215;597.jpg&#8220; _builder_version=&#8220;4.27.5&#8243; _module_preset=&#8220;default&#8220; title_text=&#8220;Unser Leitfaden&#8220; box_shadow_style=&#8220;preset1&#8243; hover_enabled=&#8220;0&#8243; sticky_enabled=&#8220;0&#8243; custom_padding=&#8220;|0px||||&#8220; width=&#8220;57%&#8220; max_width=&#8220;61%&#8220; filter_brightness=&#8220;120%&#8220; filter_brightness_last_edited=&#8220;on|desktop&#8220; filter_brightness_tablet=&#8220;120%&#8220; filter_brightness_phone=&#8220;120%&#8220;][\/et_pb_image][\/et_pb_column][\/et_pb_row][et_pb_row _builder_version=&#8220;4.27.5&#8243; _module_preset=&#8220;default&#8220;][et_pb_column _builder_version=&#8220;4.27.5&#8243; _module_preset=&#8220;default&#8220; type=&#8220;4_4&#8243;][et_pb_text _builder_version=&#8220;4.27.5&#8243; _module_preset=&#8220;default&#8220; text_text_color=&#8220;#0911a0&#8243; text_font_size=&#8220;16px&#8220; text_letter_spacing_last_edited=&#8220;on|desktop&#8220; hover_enabled=&#8220;0&#8243; sticky_enabled=&#8220;0&#8243;]<\/p>\n<p>Jede*r Sch\u00fcler*in lernt auf dem eigenen Niveau in jeder Unterrichtsstunde an individuellen Lernzielen. Dazu ist notwendig, \u00fcber die St\u00e4rken und Schw\u00e4chen der Sch\u00fcler*innen im Bilde zu sein. In Kooperation werden\u00a0<strong>individuelle Lernziele<\/strong>\u00a0abgestimmt und Unterricht geplant.<\/p>\n<p>&nbsp;<\/p>\n<p>Die verbindliche Einhaltung der<strong>\u00a0Regeln<\/strong>\u00a0und die Vermittlung verl\u00e4sslicher\u00a0<strong>Strukturen<\/strong>\u00a0erfolgt durch alle Beteiligte, damit sich alle in der Schule\u00a0<strong>wohl und sicher f\u00fchlen<\/strong>\u00a0k\u00f6nnen.<\/p>\n<p>&nbsp;<\/p>\n<p>Ein besonderer Schwerpunkt ist die kontinuierliche <strong>F\u00f6rderung der sprachlichen Kompetenz<\/strong>\u00a0in jedem Unterricht, in den Pausen, in den Foren, im gesamten Schulleben.<\/p>\n<p>[\/et_pb_text][\/et_pb_column][\/et_pb_row][\/et_pb_section]<\/p>\n","protected":false},"excerpt":{"rendered":"<p>Jede*r Sch\u00fcler*in lernt auf dem eigenen Niveau in jeder Unterrichtsstunde an individuellen Lernzielen. Dazu ist notwendig, \u00fcber die St\u00e4rken und Schw\u00e4chen der Sch\u00fcler*innen im Bilde zu sein. In Kooperation werden\u00a0individuelle Lernziele\u00a0abgestimmt und Unterricht geplant. &nbsp; Die verbindliche Einhaltung der\u00a0Regeln\u00a0und die Vermittlung verl\u00e4sslicher\u00a0Strukturen\u00a0erfolgt durch alle Beteiligte, damit sich alle in der Schule\u00a0wohl und sicher f\u00fchlen\u00a0k\u00f6nnen. &nbsp; [&hellip;]<\/p>\n","protected":false},"author":193,"featured_media":0,"parent":0,"menu_order":7,"comment_status":"closed","ping_status":"closed","template":"","meta":{"_acf_changed":false,"_et_pb_use_builder":"on","_et_pb_old_content":"<p>Jede*r Sch\u00fcler*in lernt auf dem eigenen Niveau in jeder Unterrichtsstunde an individuellen Lernzielen. Dazu ist notwendig, \u00fcber die St\u00e4rken und Schw\u00e4chen der Sch\u00fcler*innen im Bilde zu sein. In Kooperation werden <span style=\"color: #382c84;\"><strong>individuelle Lernziele<\/strong><\/span> abgestimmt und Unterricht geplant.<\/p><p>Ein besonderer Schwerpunkt ist die kontinuierliche \u00a0<span style=\"color: #382c84;\"><strong>F\u00f6rderung der sprachlichen Kompetenz<\/strong><\/span> in jedem Unterricht, in den Pausen, in den Foren, im gesamten Schulleben.<\/p><p>Die verbindliche Einhaltung der<span style=\"color: #382c84;\"><strong> Regeln<\/strong><\/span> und die Vermittlung verl\u00e4sslicher <span style=\"color: #382c84;\"><strong>Strukturen<\/strong><\/span> erfolgt durch alle Beteiligte, damit sich alle in der Schule <span style=\"color: #382c84;\"><strong>wohl und sicher f\u00fchlen<\/strong><\/span> k\u00f6nnen.<\/p>","_et_gb_content_width":"","footnotes":""},"class_list":["post-550","page","type-page","status-publish","hentry"],"acf":[],"_links":{"self":[{"href":"https:\/\/schule-sterntalerstrasse.hamburg.de\/index.php?rest_route=\/wp\/v2\/pages\/550","targetHints":{"allow":["GET"]}}],"collection":[{"href":"https:\/\/schule-sterntalerstrasse.hamburg.de\/index.php?rest_route=\/wp\/v2\/pages"}],"about":[{"href":"https:\/\/schule-sterntalerstrasse.hamburg.de\/index.php?rest_route=\/wp\/v2\/types\/page"}],"author":[{"embeddable":true,"href":"https:\/\/schule-sterntalerstrasse.hamburg.de\/index.php?rest_route=\/wp\/v2\/users\/193"}],"replies":[{"embeddable":true,"href":"https:\/\/schule-sterntalerstrasse.hamburg.de\/index.php?rest_route=%2Fwp%2Fv2%2Fcomments&post=550"}],"version-history":[{"count":19,"href":"https:\/\/schule-sterntalerstrasse.hamburg.de\/index.php?rest_route=\/wp\/v2\/pages\/550\/revisions"}],"predecessor-version":[{"id":3039,"href":"https:\/\/schule-sterntalerstrasse.hamburg.de\/index.php?rest_route=\/wp\/v2\/pages\/550\/revisions\/3039"}],"wp:attachment":[{"href":"https:\/\/schule-sterntalerstrasse.hamburg.de\/index.php?rest_route=%2Fwp%2Fv2%2Fmedia&parent=550"}],"curies":[{"name":"wp","href":"https:\/\/api.w.org\/{rel}","templated":true}]}}