{"id":46,"date":"2015-09-03T12:55:54","date_gmt":"2015-09-03T12:55:54","guid":{"rendered":"http:\/\/schule-sterntalerstrasse.schulhomepages.hamburg.de\/?page_id=46"},"modified":"2026-01-09T14:17:04","modified_gmt":"2026-01-09T13:17:04","slug":"betreuung-am-nachmittag","status":"publish","type":"page","link":"https:\/\/schule-sterntalerstrasse.hamburg.de\/?page_id=46","title":{"rendered":"Betreuung am Nachmittag"},"content":{"rendered":"<p>[et_pb_section fb_built=&#8220;1&#8243; admin_label=&#8220;section&#8220; _builder_version=&#8220;4.16&#8243; global_colors_info=&#8220;{}&#8220;][et_pb_row _builder_version=&#8220;4.25.2&#8243; _module_preset=&#8220;default&#8220; global_colors_info=&#8220;{}&#8220;][et_pb_column type=&#8220;4_4&#8243; _builder_version=&#8220;4.25.2&#8243; _module_preset=&#8220;default&#8220; global_colors_info=&#8220;{}&#8220;][et_pb_heading title=&#8220;Kindertagesbetreuung in der Schule Sterntalerstra\u00dfe vom Internationalen Bund&#8220; _builder_version=&#8220;4.25.2&#8243; _module_preset=&#8220;default&#8220; title_text_color=&#8220;#0f0082&#8243; global_colors_info=&#8220;{}&#8220;][\/et_pb_heading][et_pb_text _builder_version=&#8220;4.25.2&#8243; _module_preset=&#8220;default&#8220; global_colors_info=&#8220;{}&#8220;]<\/p>\n<p style=\"text-align: justify\"><span style=\"color: #0f0082\"><strong>Der Internationale Bund e.V. (IB)\u00a0<\/strong>ist mit fast 14 000 Mitarbeiterinnen und Mitarbeitern in Einrichtungen an 300 Orten einer der gro\u00dfen Dienstleister in der Jugend-, Sozial- und Bildungsarbeit.<\/span><\/p>\n<p style=\"text-align: justify\"><span style=\"color: #0f0082\"><strong>In der Kindertagesbetreuung im Ganztag\u00a0<\/strong>k\u00f6nnen die Kinder nach 13 Uhr ihren individuellen Bed\u00fcrfnissen nachgehen \u2013 spielen, toben, entspannen und kreativ sein. Dabei werden sie verl\u00e4sslich von unseren\u00a0<strong>ausgebildeten P\u00e4dagogen*innen<\/strong>\u00a0betreut und unterst\u00fctzt.<\/span><\/p>\n<p>[\/et_pb_text][\/et_pb_column][\/et_pb_row][et_pb_row column_structure=&#8220;1_2,1_2&#8243; _builder_version=&#8220;4.25.2&#8243; _module_preset=&#8220;default&#8220; global_colors_info=&#8220;{}&#8220;][et_pb_column type=&#8220;1_2&#8243; _builder_version=&#8220;4.25.2&#8243; _module_preset=&#8220;default&#8220; global_colors_info=&#8220;{}&#8220;][et_pb_text _builder_version=&#8220;4.25.2&#8243; _module_preset=&#8220;default&#8220; global_colors_info=&#8220;{}&#8220;]<\/p>\n<p style=\"text-align: justify\"><span style=\"color: #0f0082;font-size: large\"><strong>Mittagessen<\/strong><\/span><\/p>\n<p style=\"text-align: justify\"><span style=\"color: #0f0082\">F\u00fcr die Kinder gibt es ein leckeres, abwechslungsreiches und gesundes Mittagessen. Bei der Zusammenstellung des Mittagessens werden pers\u00f6nliche und kulturelle Hintergr\u00fcnde ber\u00fccksichtigt.<\/span><\/p>\n<p style=\"text-align: justify\"><span style=\"color: #0f0082\"><strong>\u00a0<\/strong><\/span><\/p>\n<p style=\"text-align: justify\"><span style=\"color: #0f0082;font-size: large\"><strong>Hausaufgaben<\/strong><\/span><\/p>\n<p style=\"text-align: justify\"><span style=\"color: #0f0082\">Die Kinder haben ausreichend Zeit f\u00fcr die Erledigung der Hausaufgaben in der\u00a0<strong>Lernzeit<\/strong>. Sie werden dabei durch das p\u00e4dagogische Personal unterst\u00fctzt und begleitet.<\/span><\/p>\n<p style=\"text-align: justify\"><span style=\"color: #0f0082\"><strong>\u00a0<\/strong><\/span><\/p>\n<p style=\"text-align: justify\"><span style=\"color: #0f0082;font-size: large\"><strong>Ferienbetreuung<\/strong><\/span><\/p>\n<p style=\"text-align: justify\"><span style=\"color: #0f0082\">Wir bieten ein abwechslungsreiches Ferienprogramm mit Ausfl\u00fcgen innerhalb von Hamburg sowie Projekte und Angebote in der Einrichtung.<\/span><\/p>\n<p style=\"text-align: justify\"><span style=\"color: #0f0082\"><strong>\u00a0<\/strong><\/span><\/p>\n<p style=\"text-align: justify\"><span style=\"color: #0f0082;font-size: large\"><strong>P\u00e4dagogischer Schwerpunkt<\/strong><\/span><\/p>\n<p style=\"text-align: justify\"><span style=\"color: #0f0082\">Schwerpunkt unserer t\u00e4glichen Arbeit ist die aktive Erholung durch Bewegung. Dazu nutzen wir die Turnhalle, den Schulhof und den Spielplatz der Schule.<\/span><\/p>\n<p style=\"text-align: justify\"><span style=\"color: #0f0082\">In der Einrichtung arbeiten wir gruppen\u00fcbergreifend und situationsorientiert.<\/span><\/p>\n<p style=\"text-align: justify\"><span style=\"color: #0f0082\"><strong>\u00a0<\/strong><\/span><\/p>\n<p style=\"text-align: justify\"><span style=\"color: #0f0082;font-size: large\"><strong>Motto <\/strong><strong>\u201e<\/strong><strong>Halt geben \u2013 los lassen<\/strong><strong>\u201c<\/strong><\/span><\/p>\n<p style=\"text-align: justify\"><span style=\"color: #0f0082\">Wir leben dieses Motto durch\u00a0<strong>Erziehung zur Selbst\u00e4ndigkeit\u00a0<\/strong>und Verl\u00e4sslichkeit durch verbindliche Regeln. Unser Ziel ist, die Kinder optimal auf ihrem Weg in die\u00a0<strong>Selbst\u00e4ndigkeit\u00a0<\/strong>zu begleiten.<\/span><\/p>\n<p style=\"text-align: justify\"><span style=\"color: #0f0082\"><strong>\u00a0<\/strong><\/span><\/p>\n<p style=\"text-align: justify\"><span style=\"color: #0f0082;font-size: large\"><strong>Demokratie lernen<\/strong><\/span><\/p>\n<p style=\"text-align: justify\"><span style=\"color: #0f0082\">Die Kinder beteiligen sich aktiv am Tagesablauf und bringen ihre Interessen\u00a0mit ein und k\u00f6nnen so aktiv Partizipation erleben.<\/span><\/p>\n<p style=\"text-align: justify\">\n<p style=\"text-align: justify\"><span style=\"color: #0f0082;font-size: large\"><strong>Freies Spiel<\/strong><\/span><\/p>\n<p style=\"text-align: justify\"><span style=\"color: #0f0082\">Die festen Angebote und Kurse werden mit Zeiten der Entspannung und des freien Spiels kombiniert.<\/span><\/p>\n<p>[\/et_pb_text][\/et_pb_column][et_pb_column type=&#8220;1_2&#8243; _builder_version=&#8220;4.25.2&#8243; _module_preset=&#8220;default&#8220; global_colors_info=&#8220;{}&#8220;][et_pb_text _builder_version=&#8220;4.25.2&#8243; _module_preset=&#8220;default&#8220; global_colors_info=&#8220;{}&#8220;]<\/p>\n<p style=\"text-align: justify\"><span style=\"color: #0f0082\"><strong><span style=\"font-size: large\">iBinetreuungszeiten<\/span>\u00a0\u00a0<\/strong><strong>\u00a0\u00a0\u00a0\u00a0\u00a0\u00a0\u00a0\u00a0\u00a0\u00a0\u00a0\u00a0\u00a0\u00a0\u00a0\u00a0\u00a0\u00a0\u00a0\u00a0\u00a0\u00a0\u00a0\u00a0\u00a0\u00a0\u00a0\u00a0\u00a0\u00a0<\/strong><\/span><\/p>\n<p style=\"text-align: justify\"><span style=\"color: #0f0082\">Im Ganztag bieten wir folgende Betreuungszeiten an:<\/span><br \/><span style=\"color: #0f0082\">Kernzeit von 13 \u2013 16 Uhr\u00a0<strong>kostenfrei<br \/><\/strong>Fr\u00fchbetreuung vor der Schule von 6 \u2013 8 Uhr (kostenpflichtig)<\/span><br \/><span style=\"color: #0f0082\">Diese Betreuung erfolgt \u00fcber die Schule. Sp\u00e4tbetreuung 16 \u2013 18 Uhr (kostenpflichtig) Ferienbetreuung (kostenpflichtig)<\/span><\/p>\n<p style=\"text-align: justify\"><span style=\"color: #0f0082\"><strong>\u00a0<\/strong><\/span><\/p>\n<p style=\"text-align: justify\"><span style=\"color: #0f0082;font-size: large\"><strong>Anmeldung<\/strong><\/span><\/p>\n<p style=\"text-align: justify\"><span style=\"color: #0f0082\">Die Anmeldung erfolgt \u00fcber das Schulsekretariat: 0404288673-0<\/span><br \/><span style=\"color: #0f0082\">Infos zur Ganzt\u00e4gigen Betreuung an Schulen (GBS), zu Geb\u00fchren sowie Anmeldeformulare in verschiedenen Sprachen finden sie unter: www.hamburg.de\/infos-fuer-eltern<\/span><\/p>\n<p style=\"text-align: justify\"><strong><span style=\"color: #0f0082\">Frau Ima Khodah Panah<\/span><\/strong><br \/><strong><span style=\"color: #0f0082\">Leiterin der Kindertagesbetreuung<\/span><\/strong><\/p>\n<p style=\"text-align: justify\"><span style=\"color: #0f0082\"><\/span><\/p>\n<p style=\"text-align: justify\"><span style=\"color: #0f0082\"><\/span><\/p>\n<p style=\"text-align: left\"><span style=\"color: #0f0082;font-size: large\"><strong>Enge Kooperation mit der Schule\u00a0 \u00a0<\/strong><strong>\u00a0 \u00a0 \u00a0 \u00a0 \u00a0 \u00a0 \u00a0 \u00a0 \u00a0 \u00a0 \u00a0 \u00a0 \u00a0 \u00a0 \u00a0 <\/strong><\/span><\/p>\n<p style=\"text-align: left\"><span style=\"color: #0f0082\">Der Internationale Bund arbeitet eng mit der Schule und dem Elternrat zusammen.<\/span><\/p>\n<p style=\"text-align: justify\"><span style=\"color: #0f0082\">Gemeinsam gestalten und entwickeln wir das Bildungs- und Betreuungsangebot f\u00fcr die Kinder.<\/span><\/p>\n<p style=\"text-align: justify\"><span style=\"color: #0f0082\">Regelm\u00e4\u00dfige Treffen der Schulleitung und Leitung der Kindertagesbetreuung erm\u00f6glichen einen engen und qualifizierten Austausch.<\/span><\/p>\n<p style=\"text-align: justify\"><span style=\"color: #0f0082\">Der Leiter der Kindertagesbetreuung nimmt nach M\u00f6glichkeit an den Lehrerkonferenzen der Schule und an der Schulkonferenz aktiv teil.<\/span><\/p>\n<p style=\"text-align: justify\"><span style=\"color: #0f0082\">Der fachliche Austausch zwischen Lehrer*innen und Erzieher*innen findet mehrmals in sogenannten \u201eKooperationszeiten\u201c statt. F\u00fcr kurzfristige Absprachen werden au\u00dferdem \u201eT\u00fcr-und-Angelgespr\u00e4che\u201c genutzt.<\/span><\/p>\n<p style=\"text-align: justify\"><span style=\"color: #0f0082\">Die Erzieher und Lehrer treffen sich in regelm\u00e4\u00dfigen Abst\u00e4nden zum fachlichen Austausch mit inhaltlichen Schwerpunkten, um ein gemeinsames Ganztagskonzept zu entwickeln und mit Leben zu f\u00fcllen.<\/span><\/p>\n<p style=\"text-align: justify\"><span style=\"color: #0f0082\">Bei Bedarf werden Erziehungskonferenzen f\u00fcr einzelne Kinder von Erzieher*innen und Lehrer*innen gemeinsam vorbereitet und durchgef\u00fchrt.<\/span><\/p>\n<p style=\"text-align: justify\"><span style=\"color: #0f0082\"><strong>\u00a0<\/strong><\/span><\/p>\n<p style=\"text-align: justify\"><span style=\"color: #0f0082\"><strong><span style=\"font-size: large\">Kooperationspartner<\/span><br \/><\/strong>Es bestehen Kooperationen mit Sportvereinen, um das Angebot der Nachmittagsbetreuung zu erweitern.<\/span><\/p>\n<p>&nbsp;<\/p>\n<p>[\/et_pb_text][\/et_pb_column][\/et_pb_row][et_pb_row _builder_version=&#8220;4.25.2&#8243; _module_preset=&#8220;default&#8220; global_colors_info=&#8220;{}&#8220;][et_pb_column type=&#8220;4_4&#8243; _builder_version=&#8220;4.25.2&#8243; _module_preset=&#8220;default&#8220; global_colors_info=&#8220;{}&#8220;][et_pb_gallery gallery_ids=&#8220;1012&#8243; show_title_and_caption=&#8220;off&#8220; _builder_version=&#8220;4.25.2&#8243; _module_preset=&#8220;default&#8220; global_colors_info=&#8220;{}&#8220;][\/et_pb_gallery][\/et_pb_column][\/et_pb_row][\/et_pb_section]<\/p>\n","protected":false},"excerpt":{"rendered":"<p>Der Internationale Bund e.V. (IB)\u00a0ist mit fast 14 000 Mitarbeiterinnen und Mitarbeitern in Einrichtungen an 300 Orten einer der gro\u00dfen Dienstleister in der Jugend-, Sozial- und Bildungsarbeit. In der Kindertagesbetreuung im Ganztag\u00a0k\u00f6nnen die Kinder nach 13 Uhr ihren individuellen Bed\u00fcrfnissen nachgehen \u2013 spielen, toben, entspannen und kreativ sein. Dabei werden sie verl\u00e4sslich von unseren\u00a0ausgebildeten P\u00e4dagogen*innen\u00a0betreut [&hellip;]<\/p>\n","protected":false},"author":193,"featured_media":0,"parent":112,"menu_order":1,"comment_status":"closed","ping_status":"closed","template":"","meta":{"_acf_changed":false,"_et_pb_use_builder":"on","_et_pb_old_content":"<h2>Kindertagesbetreuung in der Schule Sterntalerstra\u00dfe vom Internationalen Bund<\/h2>\r\n<div class=\"maintext\">\r\n\r\n<strong>Der Internationale Bund e.V. (IB) <\/strong>ist mit fast 14 000 Mitarbeiterinnen und Mitarbeitern in Einrichtungen\u00a0 an 300 Orten einer der gro\u00dfen Dienstleister in der Jugend-, Sozial- und Bildungsarbeit.\r\n\r\n<strong>In der Kindertagesbetreuung im Ganztag <\/strong>k\u00f6nnen die Kinder nach 13 Uhr ihren individuellen Bed\u00fcrfnissen nachgehen - spielen, toben, entspannen und kreativ sein. Dabei werden sie verl\u00e4sslich von unseren <strong>ausgebildeten P\u00e4dagogen*innen<\/strong> betreut und unterst\u00fctzt.\r\n\r\n<span style=\"color: #ff0000\"><strong>Mittagessen<\/strong><\/span>\r\n\r\nF\u00fcr die Kinder gibt es ein leckeres, abwechslungsreiches und gesundes Mittagessen. Bei der Zusammenstellung des Mittagessens werden pers\u00f6nliche und kulturelle Hintergr\u00fcnde ber\u00fccksichtigt.\r\n\r\n<span style=\"color: #ff0000\"><strong>Hausaufgaben<\/strong><\/span>\r\n\r\nDie Kinder haben ausreichend Zeit f\u00fcr die Erledigung der Hausaufgaben in der <strong>Lernzeit<\/strong>. Sie werden dabei durch das p\u00e4dagogische Personal unterst\u00fctzt und begleitet.\r\n\r\n<span style=\"color: #ff0000\"><strong>Ferienbetreuung<\/strong><\/span>\r\n\r\nWir bieten ein abwechslungsreiches Ferienprogramm mit Ausfl\u00fcgen innerhalb von Hamburg sowie Projekte und Angebote in der Einrichtung.\r\n\r\n<span style=\"color: #ff0000\"><strong>P\u00e4dagogischer Schwerpunkt<\/strong><\/span>\r\n\r\nSchwerpunkt unserer t\u00e4glichen Arbeit ist die aktive Erholung durch Bewegung. Dazu nutzen wir die Turnhalle, den Schulhof und den Spielplatz der Schule.\r\n\r\nIn der Einrichtung arbeiten wir gruppen\u00fcbergreifend und situationsorientiert.\r\n\r\n<span style=\"color: #ff0000\"><strong>Motto \u201eHalt geben - los lassen\"<\/strong><\/span>\r\n\r\nWir leben dieses Motto durch <strong>Erziehung zur Selbst\u00e4ndigkeit <\/strong>und Verl\u00e4sslichkeit durch verbindliche Regeln. Unser Ziel ist, die Kinder optimal auf ihrem Weg in die <strong>Selbst\u00e4ndigkeit <\/strong>zu begleiten.\r\n\r\n<span style=\"color: #ff0000\"><strong>Demokratie lernen<\/strong><\/span>\r\n\r\nDie Kinder beteiligen sich aktiv am Tagesablauf und\u00a0 bringen ihre Interessen\u00a0 mit ein, geben R\u00fcckmeldungen und planen gemeinsam verschiedene Angebote und H\u00f6hepunkte.\r\n\r\n<img class=\"size-medium wp-image-451 aligncenter\" src=\"https:\/\/schule-sterntalerstrasse.hamburg.de\/wp-content\/uploads\/sites\/125\/2015\/09\/Hort-027-300x225.jpg\" alt=\"Hort 027\" width=\"300\" height=\"225\" \/>\r\n\r\n<span style=\"color: #ff0000\"><strong>Betreuungszeiten<\/strong><\/span><strong><span style=\"color: #ff0000\">\u00a0\u00a0<\/span>\u00a0\u00a0\u00a0\u00a0\u00a0\u00a0\u00a0\u00a0\u00a0\u00a0\u00a0\u00a0\u00a0\u00a0\u00a0\u00a0\u00a0\u00a0\u00a0\u00a0\u00a0\u00a0\u00a0\u00a0\u00a0\u00a0\u00a0\u00a0\u00a0\u00a0<\/strong>\r\n\r\nIm Ganztag bieten wir folgende Betreuungszeiten an:\r\nKernzeit von 13 - 16 Uhr <strong>kostenfrei\r\n<\/strong>Fr\u00fchbetreuung vor der Schule von 6 - 8 Uhr (kostenpflichtig)\r\nDiese Betreuung erfolgt \u00fcber die Schule. Sp\u00e4tbetreuung 16 - 18 Uhr (kostenpflichtig) Ferienbetreuung (kostenpflichtig)\r\n\r\n<span style=\"color: #ff0000\">\u00a0<strong>Anmeldung<\/strong><\/span>\r\n\r\nDie Anmeldung erfolgt \u00fcber das Schulsekretariat: 0404288673-0\r\nInfos zur Ganzt\u00e4gigen Betreuung an Schulen (GBS), zu Geb\u00fchren sowie Anmeldeformulare in verschiedenen Sprachen finden sie unter: www.hamburg.de\/infos-fuer-eltern\r\n<p style=\"text-align: left\">Herr Nico Wasmer\r\nLeiter der Kindertagesbetreuung\r\nTel. 040 - 428 86 73 - 26<\/p>\r\n\u00a0\r\n\r\n\u00a0\r\n\r\n<span style=\"color: #ff0000\"><strong>Freies Spiel<\/strong><\/span>\r\n\r\nDie festen Angebote und Kurse werden mit Zeiten der Entspannung und des freien Spiels kombiniert.\r\n\r\n<span style=\"color: #ff0000\"><strong>R\u00e4ume<\/strong><\/span>\r\n\r\nF\u00fcr die Angebote und die Betreuung im Ganztag in der Schule Sterntalerstra\u00dfe durch den Internationalen Bund (IB) steht die gesamte Schule mit allen ihren R\u00e4umen und Fl\u00e4chen zur Verf\u00fcgung.\r\n\r\nDie H\u00e4user 2 , 3 ,4 und 5\u00a0 werden f\u00fcr die Betreuung der 16 Kindergruppen im Schuljahr 2020 \/ 2021 gemeinsam genutzt.\r\n\r\nIn jedem dieser H\u00e4user wurden R\u00e4ume\u00a0 mit dem IB eingerichtet. Die R\u00e4ume sind in <strong>Doppelraumnutzung<\/strong> mit den jeweiligen Klassen.\r\n\r\nIm Verwaltungsgeb\u00e4ude hat die Schule in Absprache mit dem Kooperationspartner einen Mehrzweckraum mit dem Schwerpunkt Bewegung und \u201eInselbetreuung\" eingerichtet.\r\n\r\nFolgende Fachr\u00e4ume kann der IB gemeinsam mit seinen Kooperationspartnern entsprechend eines Raumnutzungsplanes am Nachmittag vorrangig nutzen:\r\n<ul>\r\n \t<li>Musikraum im Verwaltungsgeb\u00e4ude<\/li>\r\n \t<li>Theaterb\u00fchne in der Aula<\/li>\r\n \t<li>Mensa im Haus 1<\/li>\r\n \t<li>Turnhalle<\/li>\r\n \t<li>Mehrzweckraum im Verwaltungsgeb\u00e4ude \/ Inselbetreuung<\/li>\r\n<\/ul>\r\nIm Verwaltungsgeb\u00e4ude hat der Internationale Bund im 1. Stock ein Leitungsb\u00fcro.\r\n\r\n<strong><span style=\"color: #ff0000\">Enge Kooperation mit der Schule\u00a0 \u00a0<\/span>\u00a0\u00a0\u00a0\u00a0\u00a0\u00a0\u00a0\u00a0\u00a0\u00a0\u00a0\u00a0\u00a0\u00a0\u00a0\u00a0\u00a0\u00a0\u00a0\u00a0\u00a0\u00a0\u00a0\u00a0\u00a0\u00a0\u00a0\u00a0\u00a0\u00a0\u00a0\u00a0\u00a0\u00a0\u00a0\u00a0\u00a0\u00a0\u00a0\u00a0\u00a0\u00a0\u00a0\u00a0\u00a0\u00a0\u00a0\u00a0\u00a0\u00a0\u00a0\u00a0\u00a0\u00a0\u00a0\u00a0\u00a0\u00a0\u00a0 <\/strong>\r\n\r\nDer Internationale Bund arbeitet eng mit der Schule und dem Elternrat zusammen.\r\n\r\nGemeinsam gestalten und entwickeln wir das Bildungs- und Betreuungsangebot f\u00fcr die Kinder.\r\n\r\nRegelm\u00e4\u00dfige Treffen der Schulleitung und Leitung der Kindertagesbetreuung erm\u00f6glichen einen engen Austausch \u00fcber Detailfragen und gemeinsame konzeptionelle Herangehensweisen.\r\n\r\nDer Leiter der Kindertagesbetreuung\u00a0 nimmt nach M\u00f6glichkeit an den Lehrerkonferenzen der Schule und an der Schulkonferenz aktiv teil.\r\n\r\nBei Problemen und Fragen findet ein Austausch zwischen Lehrer*innen und Erzieher*innen statt. Dazu werden u.a.\u00a0 die zweite gro\u00dfe Pause w\u00e4hrend der Schulzeit, Hospitationen und sogenannte \u201eT\u00fcr - und Angelgespr\u00e4che\" verst\u00e4rkt genutzt.\r\n\r\nEin weiterer Austausch zwischen Lehrer*innen und Erzieher*innen erfolgt bedingt durch die Doppelraumnutzung der R\u00e4ume im Ganztag.\r\n\r\nDie Erzieher und Lehrer treffen sich in regelm\u00e4\u00dfigen Abst\u00e4nden zum fachlichen Austausch mit inhaltlichen Schwerpunkten, um ein gemeinsames Ganztagskonzept zu entwickeln und mit Leben zu f\u00fcllen.\r\n\r\nBei Bedarf werden Erziehungskonferenzen f\u00fcr einzelne Kinder von Erzieher*innen und Lehrer*innen gemeinsam vorbereitet und durchgef\u00fchrt.\r\n\r\n<span style=\"color: #ff0000\"><strong>Kooperationspartner<\/strong><strong>\r\n<\/strong><\/span>\r\n\r\nIn Absprache mit der Schulleitung ist eine <span style=\"color: #ff0000\"><strong>integrative Tagesgruppe<\/strong><\/span> des \u201eRauhen Hauses\" in den schulischen Ganztag integriert.\r\n\r\nDie Kinder erhalten Unterst\u00fctzung durch eine Sozialp\u00e4dagogin innerhalb der bestehenden Gruppe.\r\n\r\nSituationen werden so gestaltet, dass die betreuten Kinder gefordert und gef\u00f6rdert werden, andererseits aber auch spielerisch mit Freude den Alltag bew\u00e4ltigen k\u00f6nnen.\r\n\r\nRegelm\u00e4\u00dfige Elterngespr\u00e4che, individuelle F\u00f6rderung und enge Kontakte zum gesamten Umfeld des jeweiligen Kindes erg\u00e4nzen unser Ganztagsangebot.\r\n\r\n<\/div>\r\n<div class=\"spacer20\"><\/div>","_et_gb_content_width":"","footnotes":""},"class_list":["post-46","page","type-page","status-publish","hentry"],"acf":[],"_links":{"self":[{"href":"https:\/\/schule-sterntalerstrasse.hamburg.de\/index.php?rest_route=\/wp\/v2\/pages\/46","targetHints":{"allow":["GET"]}}],"collection":[{"href":"https:\/\/schule-sterntalerstrasse.hamburg.de\/index.php?rest_route=\/wp\/v2\/pages"}],"about":[{"href":"https:\/\/schule-sterntalerstrasse.hamburg.de\/index.php?rest_route=\/wp\/v2\/types\/page"}],"author":[{"embeddable":true,"href":"https:\/\/schule-sterntalerstrasse.hamburg.de\/index.php?rest_route=\/wp\/v2\/users\/193"}],"replies":[{"embeddable":true,"href":"https:\/\/schule-sterntalerstrasse.hamburg.de\/index.php?rest_route=%2Fwp%2Fv2%2Fcomments&post=46"}],"version-history":[{"count":12,"href":"https:\/\/schule-sterntalerstrasse.hamburg.de\/index.php?rest_route=\/wp\/v2\/pages\/46\/revisions"}],"predecessor-version":[{"id":2940,"href":"https:\/\/schule-sterntalerstrasse.hamburg.de\/index.php?rest_route=\/wp\/v2\/pages\/46\/revisions\/2940"}],"up":[{"embeddable":true,"href":"https:\/\/schule-sterntalerstrasse.hamburg.de\/index.php?rest_route=\/wp\/v2\/pages\/112"}],"wp:attachment":[{"href":"https:\/\/schule-sterntalerstrasse.hamburg.de\/index.php?rest_route=%2Fwp%2Fv2%2Fmedia&parent=46"}],"curies":[{"name":"wp","href":"https:\/\/api.w.org\/{rel}","templated":true}]}}