{"id":2974,"date":"2026-01-15T22:05:51","date_gmt":"2026-01-15T21:05:51","guid":{"rendered":"https:\/\/schule-sterntalerstrasse.hamburg.de\/?page_id=2974"},"modified":"2026-01-15T22:23:48","modified_gmt":"2026-01-15T21:23:48","slug":"schulsozialarbeit","status":"publish","type":"page","link":"https:\/\/schule-sterntalerstrasse.hamburg.de\/?page_id=2974","title":{"rendered":"Schulsozialarbeit"},"content":{"rendered":"<p>[et_pb_section fb_built=&#8220;1&#8243; _builder_version=&#8220;4.27.5&#8243; _module_preset=&#8220;default&#8220; global_colors_info=&#8220;{}&#8220;][et_pb_row _builder_version=&#8220;4.27.5&#8243; _module_preset=&#8220;default&#8220; global_colors_info=&#8220;{}&#8220;][et_pb_column type=&#8220;4_4&#8243; _builder_version=&#8220;4.27.5&#8243; _module_preset=&#8220;default&#8220; global_colors_info=&#8220;{}&#8220;][et_pb_heading title=&#8220;Starke Kinder | Unterst\u00fctzung bei sozialer, emotionaler und pers\u00f6nlicher Entwicklung&#8220; _builder_version=&#8220;4.27.5&#8243; _module_preset=&#8220;default&#8220; title_text_color=&#8220;#062da3&#8243; title_font_size=&#8220;21px&#8220; global_colors_info=&#8220;{}&#8220;][\/et_pb_heading][\/et_pb_column][\/et_pb_row][et_pb_row _builder_version=&#8220;4.27.5&#8243; _module_preset=&#8220;default&#8220; global_colors_info=&#8220;{}&#8220;][et_pb_column type=&#8220;4_4&#8243; _builder_version=&#8220;4.27.5&#8243; _module_preset=&#8220;default&#8220; global_colors_info=&#8220;{}&#8220;][et_pb_text _builder_version=&#8220;4.27.5&#8243; _module_preset=&#8220;default&#8220; text_text_color=&#8220;#081491&#8243; global_colors_info=&#8220;{}&#8220;]<\/p>\n<p>Mika Urbanski kennt inzwischen jedes Kind an unserer Schule. Er ist Schulsozialarbeiter und ist der Ansprechpartner f\u00fcr alle Fragen rund um das Thema soziale, emotionale und pers\u00f6nliche Entwicklung. Egal, ob es um Pausenstreitigkeiten, um Sorgen zu Hause oder einfach um das Gef\u00fchl geht, nicht alleine zu sein.<\/p>\n<p>Au\u00dferdem startet Herr Urbanski ab 2026 jeweils mit den Kindern einer ganzen Klasse verschiedene Sozialtrainings, damit die sozialen Kompetenzen der Kinder pr\u00e4ventiv gef\u00f6rdert und gest\u00e4rkt werden.<\/p>\n<p>Die Schulsozialarbeit ist ein <strong>freiwilliges und vertrauliches Angebot<\/strong> f\u00fcr Sch\u00fclerinnen und Sch\u00fcler, Eltern sowie f\u00fcr Lehrkr\u00e4fte.<\/p>\n<p>Es gibt eine <strong>offene Sprechstunde<\/strong>, die ohne Anmeldung genutzt werden kann.<\/p>\n<p><strong>Jeden Mittwoch von 8 bis 9.30 Uhr und jeden Donnerstag von 12 bis 13.30 Uhr<\/strong> ist das B\u00fcro von Herrn Urbanski im 1. Stock (Verwaltungsgeb\u00e4ude) ge\u00f6ffnet. Bei Bedarf sind auch individuelle Gespr\u00e4chstermine m\u00f6glich.<\/p>\n<p><a href=\"mailto:mika.urbanski@sterntal.hamburg.de\">mika.urbanski@sterntal.hamburg.de<\/a> <br \/>Telefon: 040 \u2013 428 86 73 26<\/p>\n<p>[\/et_pb_text][\/et_pb_column][\/et_pb_row][et_pb_row _builder_version=&#8220;4.27.5&#8243; _module_preset=&#8220;default&#8220; global_colors_info=&#8220;{}&#8220;][et_pb_column type=&#8220;4_4&#8243; _builder_version=&#8220;4.27.5&#8243; _module_preset=&#8220;default&#8220; global_colors_info=&#8220;{}&#8220;][et_pb_image src=&#8220;https:\/\/schule-sterntalerstrasse.hamburg.de\/wp-content\/uploads\/sites\/125\/2026\/01\/Mika-Urbanski-213&#215;300.jpg&#8220; title_text=&#8220;Mika Urbanski&#8220; disabled_on=&#8220;off|off|off&#8220; _builder_version=&#8220;4.27.5&#8243; _module_preset=&#8220;default&#8220; ab_subject=&#8220;on&#8220; ab_subject_id=&#8220;1&#8243; global_colors_info=&#8220;{}&#8220;][\/et_pb_image][\/et_pb_column][\/et_pb_row][\/et_pb_section]<\/p>\n","protected":false},"excerpt":{"rendered":"<p>Mika Urbanski kennt inzwischen jedes Kind an unserer Schule. Er ist Schulsozialarbeiter und ist der Ansprechpartner f\u00fcr alle Fragen rund um das Thema soziale, emotionale und pers\u00f6nliche Entwicklung. Egal, ob es um Pausenstreitigkeiten, um Sorgen zu Hause oder einfach um das Gef\u00fchl geht, nicht alleine zu sein. Au\u00dferdem startet Herr Urbanski ab 2026 jeweils mit [&hellip;]<\/p>\n","protected":false},"author":2244,"featured_media":0,"parent":2318,"menu_order":0,"comment_status":"closed","ping_status":"closed","template":"","meta":{"_acf_changed":false,"_et_pb_use_builder":"on","_et_pb_old_content":"","_et_gb_content_width":"","footnotes":""},"class_list":["post-2974","page","type-page","status-publish","hentry"],"acf":[],"_links":{"self":[{"href":"https:\/\/schule-sterntalerstrasse.hamburg.de\/index.php?rest_route=\/wp\/v2\/pages\/2974","targetHints":{"allow":["GET"]}}],"collection":[{"href":"https:\/\/schule-sterntalerstrasse.hamburg.de\/index.php?rest_route=\/wp\/v2\/pages"}],"about":[{"href":"https:\/\/schule-sterntalerstrasse.hamburg.de\/index.php?rest_route=\/wp\/v2\/types\/page"}],"author":[{"embeddable":true,"href":"https:\/\/schule-sterntalerstrasse.hamburg.de\/index.php?rest_route=\/wp\/v2\/users\/2244"}],"replies":[{"embeddable":true,"href":"https:\/\/schule-sterntalerstrasse.hamburg.de\/index.php?rest_route=%2Fwp%2Fv2%2Fcomments&post=2974"}],"version-history":[{"count":6,"href":"https:\/\/schule-sterntalerstrasse.hamburg.de\/index.php?rest_route=\/wp\/v2\/pages\/2974\/revisions"}],"predecessor-version":[{"id":2986,"href":"https:\/\/schule-sterntalerstrasse.hamburg.de\/index.php?rest_route=\/wp\/v2\/pages\/2974\/revisions\/2986"}],"up":[{"embeddable":true,"href":"https:\/\/schule-sterntalerstrasse.hamburg.de\/index.php?rest_route=\/wp\/v2\/pages\/2318"}],"wp:attachment":[{"href":"https:\/\/schule-sterntalerstrasse.hamburg.de\/index.php?rest_route=%2Fwp%2Fv2%2Fmedia&parent=2974"}],"curies":[{"name":"wp","href":"https:\/\/api.w.org\/{rel}","templated":true}]}}