{"id":2731,"date":"2024-12-12T14:54:57","date_gmt":"2024-12-12T14:54:57","guid":{"rendered":"https:\/\/schule-sterntalerstrasse.hamburg.de\/?page_id=2731"},"modified":"2026-02-01T19:37:56","modified_gmt":"2026-02-01T18:37:56","slug":"ganztag","status":"publish","type":"page","link":"https:\/\/schule-sterntalerstrasse.hamburg.de\/?page_id=2731","title":{"rendered":"Ganztag"},"content":{"rendered":"<p>[et_pb_section fb_built=&#8220;1&#8243; _builder_version=&#8220;4.27.4&#8243; _module_preset=&#8220;default&#8220; global_colors_info=&#8220;{}&#8220;][et_pb_row _builder_version=&#8220;4.27.4&#8243; _module_preset=&#8220;default&#8220; global_colors_info=&#8220;{}&#8220;][et_pb_column type=&#8220;4_4&#8243; _builder_version=&#8220;4.27.4&#8243; _module_preset=&#8220;default&#8220; global_colors_info=&#8220;{}&#8220;][et_pb_heading title=&#8220;Der Nachmittag in der Schule&#8220; _builder_version=&#8220;4.27.4&#8243; _module_preset=&#8220;default&#8220; title_text_color=&#8220;#382c84&#8243; global_colors_info=&#8220;{}&#8220;][\/et_pb_heading][\/et_pb_column][\/et_pb_row][et_pb_row _builder_version=&#8220;4.27.4&#8243; _module_preset=&#8220;default&#8220; custom_margin=&#8220;-30px|auto||auto||&#8220; global_colors_info=&#8220;{}&#8220;][et_pb_column type=&#8220;4_4&#8243; _builder_version=&#8220;4.27.4&#8243; _module_preset=&#8220;default&#8220; global_colors_info=&#8220;{}&#8220;][et_pb_text _builder_version=&#8220;4.27.5&#8243; _module_preset=&#8220;default&#8220; text_text_color=&#8220;#003d84&#8243; custom_padding=&#8220;0px|||||&#8220; hover_enabled=&#8220;0&#8243; global_colors_info=&#8220;{}&#8220; sticky_enabled=&#8220;0&#8243;]<\/p>\n<ul>\n<li style=\"text-align: justify\"><strong><span style=\"color: #382c84;font-size: large\">Mehr Zeit f\u00fcr Kinder.<\/span><\/strong><\/li>\n<li><strong><span style=\"color: #382c84;font-size: large\">Mehr Zeit zum Lernen und Entdecken.<\/span><\/strong><\/li>\n<li><strong><span style=\"color: #382c84;font-size: large\">Mehr Zeit f\u00fcr die Gemeinschaft.<\/span><\/strong><\/li>\n<\/ul>\n<p>Daf\u00fcr ist das Betreuungsangebot am Nachmittag, jeden Tag von 13 bis 16 Uhr.<\/p>\n<p>Was k\u00f6nnen die Kinder am Nachmittag machen? Sie entscheiden selbst! Neben den Klassikern Fu\u00dfball, Basteln, Malen, Bauen, Kneten und B\u00fcgelperlen gibt es auch Slotcar, Rugby, Hockey und Schach im Angebot. Au\u00dferdem k\u00f6nnen die Kinder einen Tanzkurs oder einen Filmkurs besuchen. Ebenfalls sehr beliebt sind die Kurse Kinderschminken und Schmuckwerkstatt.<\/p>\n<p>Einmal pro Monat gibt es eine Projektwoche. Sie findet montags, dienstags und donnerstags statt. An diesen Tagen wird die Lernzeit gezielt f\u00fcr Projekttage genutzt. Themen sind zum Beispiel<\/p>\n<ul>\n<li><strong>Gewaltfreie Kommunikation<\/strong><\/li>\n<li><strong>Verhaltensampel und soziales Verhalten<\/strong><\/li>\n<li><strong>Umweltschutz und Nachhaltigkeit<\/strong><\/li>\n<li><strong>Kinderrechte<\/strong><\/li>\n<li><strong>Vielfalt und respektvolles Miteinander<\/strong><\/li>\n<\/ul>\n<p>Das alles wird organisiert und betreut vom Internationalen Bund. An unserer Schule arbeiten \u00fcber 22 Erzieherinnen und Erzieher am Nachmittag mit den Kindern. \u00dcbrigens: Der Internationale Bund organisiert auch die Ferienbetreuung an unserer Schule.<\/p>\n<p><strong>Sie haben Fragen? Die Ansprechpartnerin f\u00fcr den Nachmittag und die Ferien ist Frau Ima Khodah Panah. <\/strong><a href=\"mailto:Ima.Khodah.Panah@ib.de\"><strong>Ima.Khodah.Panah@ib.de<\/strong><\/a>.<\/p>\n<p>Das B\u00fcro ist im 1. Stock im Verwaltungsgeb\u00e4ude. B\u00fcrotelefon 0176 \u2013 720 746 07 (in der Regel von 9.00 bis 16.00 Uhr).<\/p>\n<p><strong>Mehr Informationen finden Sie auch <span style=\"color: #ff6600\"><a href=\"https:\/\/schule-sterntalerstrasse.hamburg.de\/wp-content\/uploads\/sites\/125\/2026\/02\/IB_Kurse-2025_2026_Elterbrief.pdf\" style=\"color: #ff6600\"><span style=\"text-decoration: underline\">hier<\/span><\/a><\/span>.\u00a0<\/strong><\/p>\n<p><strong><a href=\"https:\/\/schule-sterntalerstrasse.hamburg.de\/wp-content\/uploads\/sites\/125\/2026\/02\/VID-20260107-WA0009.mp4\"><span style=\"text-decoration: underline;color: #ff6600\">Hier<\/span><\/a> sehen Sie ein Video der Ferienbetreuung in den Weihnachtsferien.<\/strong><\/p>\n<p style=\"text-align: justify\"><strong><span style=\"color: #382c84\"><\/span><\/strong><\/p>\n<p>[\/et_pb_text][\/et_pb_column][\/et_pb_row][\/et_pb_section]<\/p>\n","protected":false},"excerpt":{"rendered":"<p>Mehr Zeit f\u00fcr Kinder. Mehr Zeit zum Lernen und Entdecken. Mehr Zeit f\u00fcr die Gemeinschaft. Daf\u00fcr ist das Betreuungsangebot am Nachmittag, jeden Tag von 13 bis 16 Uhr. Was k\u00f6nnen die Kinder am Nachmittag machen? Sie entscheiden selbst! Neben den Klassikern Fu\u00dfball, Basteln, Malen, Bauen, Kneten und B\u00fcgelperlen gibt es auch Slotcar, Rugby, Hockey und [&hellip;]<\/p>\n","protected":false},"author":1874,"featured_media":0,"parent":0,"menu_order":0,"comment_status":"closed","ping_status":"closed","template":"","meta":{"_acf_changed":false,"_et_pb_use_builder":"on","_et_pb_old_content":"","_et_gb_content_width":"","footnotes":""},"class_list":["post-2731","page","type-page","status-publish","hentry"],"acf":[],"_links":{"self":[{"href":"https:\/\/schule-sterntalerstrasse.hamburg.de\/index.php?rest_route=\/wp\/v2\/pages\/2731","targetHints":{"allow":["GET"]}}],"collection":[{"href":"https:\/\/schule-sterntalerstrasse.hamburg.de\/index.php?rest_route=\/wp\/v2\/pages"}],"about":[{"href":"https:\/\/schule-sterntalerstrasse.hamburg.de\/index.php?rest_route=\/wp\/v2\/types\/page"}],"author":[{"embeddable":true,"href":"https:\/\/schule-sterntalerstrasse.hamburg.de\/index.php?rest_route=\/wp\/v2\/users\/1874"}],"replies":[{"embeddable":true,"href":"https:\/\/schule-sterntalerstrasse.hamburg.de\/index.php?rest_route=%2Fwp%2Fv2%2Fcomments&post=2731"}],"version-history":[{"count":9,"href":"https:\/\/schule-sterntalerstrasse.hamburg.de\/index.php?rest_route=\/wp\/v2\/pages\/2731\/revisions"}],"predecessor-version":[{"id":3009,"href":"https:\/\/schule-sterntalerstrasse.hamburg.de\/index.php?rest_route=\/wp\/v2\/pages\/2731\/revisions\/3009"}],"wp:attachment":[{"href":"https:\/\/schule-sterntalerstrasse.hamburg.de\/index.php?rest_route=%2Fwp%2Fv2%2Fmedia&parent=2731"}],"curies":[{"name":"wp","href":"https:\/\/api.w.org\/{rel}","templated":true}]}}