{"id":2724,"date":"2024-12-12T14:41:33","date_gmt":"2024-12-12T14:41:33","guid":{"rendered":"https:\/\/schule-sterntalerstrasse.hamburg.de\/?page_id=2724"},"modified":"2024-12-12T14:41:41","modified_gmt":"2024-12-12T14:41:41","slug":"jeki","status":"publish","type":"page","link":"https:\/\/schule-sterntalerstrasse.hamburg.de\/?page_id=2724","title":{"rendered":"JeKi"},"content":{"rendered":"<p>[et_pb_section fb_built=&#8220;1&#8243; _builder_version=&#8220;4.27.4&#8243; _module_preset=&#8220;default&#8220; global_colors_info=&#8220;{}&#8220;][et_pb_row column_structure=&#8220;1_2,1_2&#8243; _builder_version=&#8220;4.27.4&#8243; _module_preset=&#8220;default&#8220; global_colors_info=&#8220;{}&#8220;][et_pb_column type=&#8220;1_2&#8243; _builder_version=&#8220;4.27.4&#8243; _module_preset=&#8220;default&#8220; global_colors_info=&#8220;{}&#8220;][et_pb_heading title=&#8220;JeKi&#8220; _builder_version=&#8220;4.27.4&#8243; _module_preset=&#8220;default&#8220; hover_enabled=&#8220;0&#8243; sticky_enabled=&#8220;0&#8243; title_text_color=&#8220;#382c84&#8243; custom_padding=&#8220;|0px||||&#8220;][\/et_pb_heading][et_pb_text _builder_version=&#8220;4.27.4&#8243; _module_preset=&#8220;default&#8220; hover_enabled=&#8220;0&#8243; sticky_enabled=&#8220;0&#8243; custom_margin=&#8220;|-145px||||&#8220;]<\/p>\n<p style=\"text-align: justify\"><span style=\"color: #382c84\">An der Schule Sterntalerstra\u00dfe k\u00f6nnen die Kinder im Rahmen des JeKi-Programms die Geheimnisse der Musikinstrumente entdecken. Im Mittelpunkt steht das gemeinsame Musizieren der Kinder \u2013 von der ersten bis zur vierten Klasse. Derzeit bieten wir f\u00fcr unsere Sch\u00fclerinnen und Sch\u00fcler Gitarre,Violine, Cello, Querfl\u00f6te, Klarinette und Trompete an. Unsere Schule ist eine von mehr als 60 Hamburger Grundschulen, an denen die Hamburger Schulbeh\u00f6rde seit 2009 das Programm \u201eJedem Kind ein Instrument\u201c (JeKi) durchf\u00fchrt und so das Instrumentalspiel in der Schule f\u00f6rdert und die Freude am gemeinsamen Musizieren unterst\u00fctzt. Das JeKi-Programm ist f\u00fcr alle Kinder kostenfrei.<\/span><\/p>\n<p style=\"text-align: justify\"><span style=\"color: #382c84\">JeKi ist Teil des Musikunterrichts in der Schule. Im 1. Schuljahr erhalten die Sch\u00fclerinnen und Sch\u00fcler eine \u201eGrundmusikalisierung\u201c. Hier steht die Vielfalt der Musik vom Singen, H\u00f6ren, Bewegen\/Tanzen, Spielen und das gemeinsame Musizieren im Mittelpunkt.<\/span><\/p>\n<p style=\"text-align: justify\"><span style=\"color: #382c84\">\u00a0<\/span><\/p>\n<p style=\"text-align: justify\"><span style=\"color: #382c84\">In der 2. Klasse lernen die Kinder f\u00fcr 6 Wochen jedes Instrument kennen (\u201eKarussell\u201c). Und am Ende w\u00e4hlen die Sch\u00fcler eins, welches sie in Klasse 3 und 4 erlernen wollen.<\/span><\/p>\n<p style=\"text-align: justify\"><span style=\"color: #382c84\">Anfang der 3. Klasse werden die gew\u00e4hlten Instrumente in Kindergr\u00f6\u00dfe an die Kinder ausgeliehen. Bis zum Ende der 4. Klasse erhalten die Sch\u00fclerinnen und Sch\u00fcler zus\u00e4tzlich zur regul\u00e4ren Musikstunde jede Woche eine Stunde Instrumentalunterricht in Gruppen von etwa 7 Kindern. Hierf\u00fcr kooperiert die Hamburger Schulbeh\u00f6rde auch mit der Staatlichen Jugendmusikschule, dem Hamburger Konservatorium und privaten Musikschulen. So sind die JeKi-Lehrer meist Fachlehrkr\u00e4fte, die zus\u00e4tzlich in die Schule kommen.<\/span><\/p>\n<p style=\"text-align: justify\"><span style=\"color: #382c84\">Mit regelm\u00e4\u00dfigen schulinternen Vorspielen und Konzerten m\u00f6chten wir den Kindern die M\u00f6glichkeit bieten, auch vor Publikum zu spielen. Die Kinder, die mit besonderer Motivation auf ihrem Instrument \u00fcben, bekommen auch au\u00dferhalb der Schule die Gelegenheit, ihr K\u00f6nnen in einem gr\u00f6\u00dferen Rahmen zu pr\u00e4sentieren.<\/span><\/p>\n<p style=\"text-align: justify\">\n<p>[\/et_pb_text][\/et_pb_column][et_pb_column type=&#8220;1_2&#8243; _builder_version=&#8220;4.27.4&#8243; _module_preset=&#8220;default&#8220; global_colors_info=&#8220;{}&#8220;][et_pb_image src=&#8220;https:\/\/schule-sterntalerstrasse.hamburg.de\/wp-content\/uploads\/sites\/125\/2017\/01\/Logo-JeKi_blau.jpg&#8220; _builder_version=&#8220;4.27.4&#8243; _module_preset=&#8220;default&#8220; title_text=&#8220;Logo JeKi_blau&#8220; hover_enabled=&#8220;0&#8243; sticky_enabled=&#8220;0&#8243; custom_padding=&#8220;|2px||159px||&#8220; min_height=&#8220;111px&#8220; custom_margin=&#8220;66px|||||&#8220; width=&#8220;93.9%&#8220;][\/et_pb_image][et_pb_image src=&#8220;https:\/\/schule-sterntalerstrasse.hamburg.de\/wp-content\/uploads\/sites\/125\/2017\/01\/P1010146.jpg&#8220; _builder_version=&#8220;4.27.4&#8243; _module_preset=&#8220;default&#8220; title_text=&#8220;P1010146&#8243; hover_enabled=&#8220;0&#8243; sticky_enabled=&#8220;0&#8243; width=&#8220;57.7%&#8220; custom_margin=&#8220;|-9px||160px||&#8220;][\/et_pb_image][et_pb_image src=&#8220;https:\/\/schule-sterntalerstrasse.hamburg.de\/wp-content\/uploads\/sites\/125\/2017\/01\/P1010151.jpg&#8220; _builder_version=&#8220;4.27.4&#8243; _module_preset=&#8220;default&#8220; title_text=&#8220;P1010151&#8243; hover_enabled=&#8220;0&#8243; sticky_enabled=&#8220;0&#8243; custom_padding=&#8220;|||161px||&#8220; custom_margin=&#8220;|19px||||&#8220;][\/et_pb_image][\/et_pb_column][\/et_pb_row][et_pb_row _builder_version=&#8220;4.27.4&#8243; _module_preset=&#8220;default&#8220;][et_pb_column _builder_version=&#8220;4.27.4&#8243; _module_preset=&#8220;default&#8220; type=&#8220;4_4&#8243;][et_pb_text _builder_version=&#8220;4.27.4&#8243; _module_preset=&#8220;default&#8220; hover_enabled=&#8220;0&#8243; sticky_enabled=&#8220;0&#8243;]<\/p>\n<p><strong><span style=\"color: #382c84\">Unsere Jeki Lehrerinnen und Lehrer:<\/span><\/strong><\/p>\n<p>[\/et_pb_text][\/et_pb_column][\/et_pb_row][et_pb_row _builder_version=&#8220;4.27.4&#8243; _module_preset=&#8220;default&#8220; column_structure=&#8220;1_4,1_4,1_4,1_4&#8243;][et_pb_column _builder_version=&#8220;4.27.4&#8243; _module_preset=&#8220;default&#8220; type=&#8220;1_4&#8243;][et_pb_image src=&#8220;https:\/\/schule-sterntalerstrasse.hamburg.de\/wp-content\/uploads\/sites\/125\/2017\/01\/6999645-1.jpg&#8220; _builder_version=&#8220;4.27.4&#8243; _module_preset=&#8220;default&#8220; title_text=&#8220;6999645&#8243; hover_enabled=&#8220;0&#8243; sticky_enabled=&#8220;0&#8243;][\/et_pb_image][et_pb_text _builder_version=&#8220;4.27.4&#8243; _module_preset=&#8220;default&#8220; hover_enabled=&#8220;0&#8243; sticky_enabled=&#8220;0&#8243;]<\/p>\n<p>Frau Wehrmann: Querfl\u00f6te<\/p>\n<p>[\/et_pb_text][\/et_pb_column][et_pb_column _builder_version=&#8220;4.27.4&#8243; _module_preset=&#8220;default&#8220; type=&#8220;1_4&#8243;][et_pb_image src=&#8220;https:\/\/schule-sterntalerstrasse.hamburg.de\/wp-content\/uploads\/sites\/125\/2017\/01\/6999643.jpg&#8220; _builder_version=&#8220;4.27.4&#8243; _module_preset=&#8220;default&#8220; title_text=&#8220;6999643&#8243; hover_enabled=&#8220;0&#8243; sticky_enabled=&#8220;0&#8243;][\/et_pb_image][et_pb_text _builder_version=&#8220;4.27.4&#8243; _module_preset=&#8220;default&#8220; hover_enabled=&#8220;0&#8243; sticky_enabled=&#8220;0&#8243;]<\/p>\n<p>Herr Seyfarth: Gitarre<\/p>\n<p>[\/et_pb_text][\/et_pb_column][et_pb_column _builder_version=&#8220;4.27.4&#8243; _module_preset=&#8220;default&#8220; type=&#8220;1_4&#8243;][et_pb_image src=&#8220;https:\/\/schule-sterntalerstrasse.hamburg.de\/wp-content\/uploads\/sites\/125\/2017\/01\/6999642.jpg&#8220; _builder_version=&#8220;4.27.4&#8243; _module_preset=&#8220;default&#8220; title_text=&#8220;6999642&#8243; hover_enabled=&#8220;0&#8243; sticky_enabled=&#8220;0&#8243;][\/et_pb_image][et_pb_text _builder_version=&#8220;4.27.4&#8243; _module_preset=&#8220;default&#8220; hover_enabled=&#8220;0&#8243; sticky_enabled=&#8220;0&#8243;]<\/p>\n<p>Frau Schmidt: Geige<\/p>\n<p>[\/et_pb_text][\/et_pb_column][et_pb_column _builder_version=&#8220;4.27.4&#8243; _module_preset=&#8220;default&#8220; type=&#8220;1_4&#8243;][et_pb_image src=&#8220;https:\/\/schule-sterntalerstrasse.hamburg.de\/wp-content\/uploads\/sites\/125\/2017\/01\/6999639.jpg&#8220; _builder_version=&#8220;4.27.4&#8243; _module_preset=&#8220;default&#8220; title_text=&#8220;6999639&#8243; hover_enabled=&#8220;0&#8243; sticky_enabled=&#8220;0&#8243;][\/et_pb_image][et_pb_text _builder_version=&#8220;4.27.4&#8243; _module_preset=&#8220;default&#8220; hover_enabled=&#8220;0&#8243; sticky_enabled=&#8220;0&#8243;]<\/p>\n<p>Herr Fischer: Trompete<\/p>\n<p>[\/et_pb_text][\/et_pb_column][\/et_pb_row][\/et_pb_section]<\/p>\n","protected":false},"excerpt":{"rendered":"<p>An der Schule Sterntalerstra\u00dfe k\u00f6nnen die Kinder im Rahmen des JeKi-Programms die Geheimnisse der Musikinstrumente entdecken. Im Mittelpunkt steht das gemeinsame Musizieren der Kinder \u2013 von der ersten bis zur vierten Klasse. Derzeit bieten wir f\u00fcr unsere Sch\u00fclerinnen und Sch\u00fcler Gitarre,Violine, Cello, Querfl\u00f6te, Klarinette und Trompete an. Unsere Schule ist eine von mehr als 60 [&hellip;]<\/p>\n","protected":false},"author":1874,"featured_media":0,"parent":0,"menu_order":0,"comment_status":"closed","ping_status":"closed","template":"","meta":{"_acf_changed":false,"_et_pb_use_builder":"on","_et_pb_old_content":"","_et_gb_content_width":"","footnotes":""},"class_list":["post-2724","page","type-page","status-publish","hentry"],"acf":[],"_links":{"self":[{"href":"https:\/\/schule-sterntalerstrasse.hamburg.de\/index.php?rest_route=\/wp\/v2\/pages\/2724","targetHints":{"allow":["GET"]}}],"collection":[{"href":"https:\/\/schule-sterntalerstrasse.hamburg.de\/index.php?rest_route=\/wp\/v2\/pages"}],"about":[{"href":"https:\/\/schule-sterntalerstrasse.hamburg.de\/index.php?rest_route=\/wp\/v2\/types\/page"}],"author":[{"embeddable":true,"href":"https:\/\/schule-sterntalerstrasse.hamburg.de\/index.php?rest_route=\/wp\/v2\/users\/1874"}],"replies":[{"embeddable":true,"href":"https:\/\/schule-sterntalerstrasse.hamburg.de\/index.php?rest_route=%2Fwp%2Fv2%2Fcomments&post=2724"}],"version-history":[{"count":3,"href":"https:\/\/schule-sterntalerstrasse.hamburg.de\/index.php?rest_route=\/wp\/v2\/pages\/2724\/revisions"}],"predecessor-version":[{"id":2728,"href":"https:\/\/schule-sterntalerstrasse.hamburg.de\/index.php?rest_route=\/wp\/v2\/pages\/2724\/revisions\/2728"}],"wp:attachment":[{"href":"https:\/\/schule-sterntalerstrasse.hamburg.de\/index.php?rest_route=%2Fwp%2Fv2%2Fmedia&parent=2724"}],"curies":[{"name":"wp","href":"https:\/\/api.w.org\/{rel}","templated":true}]}}