{"id":2546,"date":"2024-06-21T11:44:55","date_gmt":"2024-06-21T11:44:55","guid":{"rendered":"https:\/\/schule-sterntalerstrasse.hamburg.de\/?page_id=2546"},"modified":"2024-10-03T12:07:58","modified_gmt":"2024-10-03T12:07:58","slug":"vorschule","status":"publish","type":"page","link":"https:\/\/schule-sterntalerstrasse.hamburg.de\/?page_id=2546","title":{"rendered":"Vorschule"},"content":{"rendered":"<p>[et_pb_section fb_built=&#8220;1&#8243; _builder_version=&#8220;4.27.0&#8243; global_colors_info=&#8220;{}&#8220;][et_pb_row column_structure=&#8220;3_5,2_5&#8243; _builder_version=&#8220;4.24.3&#8243; background_size=&#8220;initial&#8220; background_position=&#8220;top_left&#8220; background_repeat=&#8220;repeat&#8220; min_height=&#8220;593.2px&#8220; custom_margin=&#8220;|auto|-348px|auto||&#8220; custom_padding=&#8220;||327px|||&#8220; global_colors_info=&#8220;{}&#8220;][et_pb_column type=&#8220;3_5&#8243; _builder_version=&#8220;4.16&#8243; custom_padding=&#8220;|||&#8220; global_colors_info=&#8220;{}&#8220; custom_padding__hover=&#8220;|||&#8220;][et_pb_heading title=&#8220;Die Vorschule&#8220; _builder_version=&#8220;4.25.1&#8243; _module_preset=&#8220;default&#8220; title_text_color=&#8220;#0f0082&#8243; min_height=&#8220;31px&#8220; global_colors_info=&#8220;{}&#8220;][\/et_pb_heading][et_pb_text admin_label=&#8220;Text&#8220; _builder_version=&#8220;4.27.0&#8243; _module_preset=&#8220;default&#8220; global_colors_info=&#8220;{}&#8220;]<\/p>\n<p><span style=\"color: #382c84\"><strong>In unseren Vorschulklassen werden die Kinder bis zu ihrer Einschulung von erfahrenen Sozialp\u00e4dagog*innen in ihrer Pers\u00f6nlichkeitsentwicklung\u00a0 durch Einzel- und Kleingruppenf\u00f6rderung begleitet.<\/strong><\/span><\/p>\n<p><span style=\"color: #382c84\">Unser Ziel ist es, die Vorschulkinder in ihren emotionalen, kognitiven, motorischen und sozialen F\u00e4higkeiten zu f\u00f6rdern und damit einen erfolgreichen \u00dcbergang in die Grundschule zu unterst\u00fctzen.<\/span><\/p>\n<p><span style=\"color: #382c84\">Der Tagesablauf in der Vorschule beinhaltet freies Spielen und Arbeitsphasen durch angeleitete Lerneinheiten in den Bereichen:<\/span><\/p>\n<ul>\n<li><span style=\"color: #382c84\"><strong>Deutsch\/Sprachf\u00f6rderung\/BISS<\/strong><\/span><\/li>\n<li><span style=\"color: #382c84\"><strong>Mathematische Fr\u00fchf\u00f6rderung<\/strong><\/span><\/li>\n<li><span style=\"color: #382c84\"><strong>Sachkunde<\/strong><\/span><\/li>\n<li><span style=\"color: #382c84\"><strong>Kunst<\/strong><\/span><\/li>\n<li><span style=\"color: #382c84\"><strong>Musikalische Fr\u00fchf\u00f6rderung<\/strong><\/span><\/li>\n<li><span style=\"color: #382c84\"><strong>Medien (Smartboard, Lese-H\u00f6r-Kiste von der B\u00fccherhalle, Toniebox)<\/strong><\/span><\/li>\n<li><span style=\"color: #382c84\"><strong>Verkehrserziehung\/Gesundheitserziehung<\/strong><\/span><\/li>\n<li><span style=\"color: #382c84\"><strong>Sport<\/strong><\/span><\/li>\n<li><span style=\"color: #382c84\"><strong>Elternstunde \/FLY (Family Literacy)<\/strong><\/span><\/li>\n<li><span style=\"color: #382c84\"><strong>Ausfl\u00fcge<\/strong><\/span><\/li>\n<li><span style=\"color: #382c84\"><strong>Schulgarten<\/strong><\/span><\/li>\n<\/ul>\n<p>&nbsp;<\/p>\n<p>\u00a0<span style=\"color: #382c84\">Die F\u00f6rderung fr\u00fcher literaler F\u00e4higkeiten (BISS) findet durch eine feste t\u00e4gliche Vorlesezeit statt.<\/span><\/p>\n<p><span style=\"color: #382c84\">In unserer Elternstunde (FLY) haben die Eltern w\u00f6chentlich die M\u00f6glichkeit am Vorschulunterricht teilzunehmen und mitzuwirken.<\/span><\/p>\n<p><span style=\"color: #382c84\"><strong>Der Vorschulunterricht findet verl\u00e4sslich von 8.00 bis 13.00 Uhr statt. Eine Fr\u00fch- bzw. Anschlussbetreuung kann zus\u00e4tzlich gebucht werden.<\/strong><\/span><\/p>\n<p>&nbsp;<\/p>\n<p>[\/et_pb_text][\/et_pb_column][et_pb_column type=&#8220;2_5&#8243; _builder_version=&#8220;4.16&#8243; custom_padding=&#8220;|||&#8220; global_colors_info=&#8220;{}&#8220; custom_padding__hover=&#8220;|||&#8220;][et_pb_image src=&#8220;https:\/\/schule-sterntalerstrasse.hamburg.de\/wp-content\/uploads\/sites\/125\/2022\/11\/VSK3.jpeg&#8220; title_text=&#8220;VSK3&#8243; _builder_version=&#8220;4.27.0&#8243; _module_preset=&#8220;default&#8220; global_colors_info=&#8220;{}&#8220;][\/et_pb_image][et_pb_image src=&#8220;https:\/\/schule-sterntalerstrasse.hamburg.de\/wp-content\/uploads\/sites\/125\/2022\/11\/VSK2.jpeg&#8220; title_text=&#8220;VSK2&#8243; _builder_version=&#8220;4.27.0&#8243; _module_preset=&#8220;default&#8220; global_colors_info=&#8220;{}&#8220;][\/et_pb_image][\/et_pb_column][\/et_pb_row][\/et_pb_section]<\/p>\n","protected":false},"excerpt":{"rendered":"<p>In unseren Vorschulklassen werden die Kinder bis zu ihrer Einschulung von erfahrenen Sozialp\u00e4dagog*innen in ihrer Pers\u00f6nlichkeitsentwicklung\u00a0 durch Einzel- und Kleingruppenf\u00f6rderung begleitet. Unser Ziel ist es, die Vorschulkinder in ihren emotionalen, kognitiven, motorischen und sozialen F\u00e4higkeiten zu f\u00f6rdern und damit einen erfolgreichen \u00dcbergang in die Grundschule zu unterst\u00fctzen. Der Tagesablauf in der Vorschule beinhaltet freies Spielen [&hellip;]<\/p>\n","protected":false},"author":1874,"featured_media":0,"parent":0,"menu_order":0,"comment_status":"closed","ping_status":"closed","template":"","meta":{"_acf_changed":false,"_et_pb_use_builder":"on","_et_pb_old_content":"","_et_gb_content_width":"","footnotes":""},"class_list":["post-2546","page","type-page","status-publish","hentry"],"acf":[],"_links":{"self":[{"href":"https:\/\/schule-sterntalerstrasse.hamburg.de\/index.php?rest_route=\/wp\/v2\/pages\/2546","targetHints":{"allow":["GET"]}}],"collection":[{"href":"https:\/\/schule-sterntalerstrasse.hamburg.de\/index.php?rest_route=\/wp\/v2\/pages"}],"about":[{"href":"https:\/\/schule-sterntalerstrasse.hamburg.de\/index.php?rest_route=\/wp\/v2\/types\/page"}],"author":[{"embeddable":true,"href":"https:\/\/schule-sterntalerstrasse.hamburg.de\/index.php?rest_route=\/wp\/v2\/users\/1874"}],"replies":[{"embeddable":true,"href":"https:\/\/schule-sterntalerstrasse.hamburg.de\/index.php?rest_route=%2Fwp%2Fv2%2Fcomments&post=2546"}],"version-history":[{"count":11,"href":"https:\/\/schule-sterntalerstrasse.hamburg.de\/index.php?rest_route=\/wp\/v2\/pages\/2546\/revisions"}],"predecessor-version":[{"id":2661,"href":"https:\/\/schule-sterntalerstrasse.hamburg.de\/index.php?rest_route=\/wp\/v2\/pages\/2546\/revisions\/2661"}],"wp:attachment":[{"href":"https:\/\/schule-sterntalerstrasse.hamburg.de\/index.php?rest_route=%2Fwp%2Fv2%2Fmedia&parent=2546"}],"curies":[{"name":"wp","href":"https:\/\/api.w.org\/{rel}","templated":true}]}}