{"id":2440,"date":"2024-04-20T14:00:40","date_gmt":"2024-04-20T14:00:40","guid":{"rendered":"https:\/\/schule-sterntalerstrasse.hamburg.de\/?page_id=2440"},"modified":"2024-11-15T11:47:11","modified_gmt":"2024-11-15T11:47:11","slug":"elternmentorinnen","status":"publish","type":"page","link":"https:\/\/schule-sterntalerstrasse.hamburg.de\/?page_id=2440","title":{"rendered":"Elternmitarbeit"},"content":{"rendered":"<p>[et_pb_section fb_built=&#8220;1&#8243; _builder_version=&#8220;4.25.2&#8243; global_colors_info=&#8220;{}&#8220;][et_pb_row column_structure=&#8220;3_5,2_5&#8243; _builder_version=&#8220;4.24.3&#8243; background_size=&#8220;initial&#8220; background_position=&#8220;top_left&#8220; background_repeat=&#8220;repeat&#8220; global_colors_info=&#8220;{}&#8220;][et_pb_column type=&#8220;3_5&#8243; _builder_version=&#8220;4.16&#8243; custom_padding=&#8220;|||&#8220; global_colors_info=&#8220;{}&#8220; custom_padding__hover=&#8220;|||&#8220;][et_pb_heading title=&#8220;Elternmitarbeit&#8220; _builder_version=&#8220;4.24.3&#8243; _module_preset=&#8220;default&#8220; title_text_color=&#8220;#0f0082&#8243; global_colors_info=&#8220;{}&#8220;][\/et_pb_heading][et_pb_heading title=&#8220;Elternmentor*innen&#8220; _builder_version=&#8220;4.27.0&#8243; _module_preset=&#8220;default&#8220; title_level=&#8220;h3&#8243; title_text_color=&#8220;#382c84&#8243; custom_margin=&#8220;||-3px|||&#8220; global_colors_info=&#8220;{}&#8220;][\/et_pb_heading][et_pb_text _builder_version=&#8220;4.16&#8243; background_size=&#8220;initial&#8220; background_position=&#8220;top_left&#8220; background_repeat=&#8220;repeat&#8220; global_colors_info=&#8220;{}&#8220;]<\/p>\n<p style=\"text-align: justify\"><span style=\"color: #382c84\">Unsere Schule nimmt seit dem Schuljahr 2014\/15 an dem Projekt\u00a0<strong>\u201eSchulmentoren \u2013 Hand in Hand f\u00fcr starke Schulen\u201c<\/strong>\u00a0teil. Hierbei handelt es sich um ein Kooperationsprojekt der Beh\u00f6rde f\u00fcr Schule und Berufsbildung und des freien Tr\u00e4gers KWB Koordinierungsstelle Weiterbildung und Besch\u00e4ftigung e.V.<\/span><\/p>\n<p><span style=\"color: #382c84\">Unsere Elternmentor*innen beteiligen sich an folgenden Aktivit\u00e4ten:<\/span><\/p>\n<ul>\n<li><span style=\"color: #382c84\"><strong>Unterst\u00fctzung beim Tag der Offenen T\u00fcr<\/strong><\/span><\/li>\n<li><span style=\"color: #382c84\"><strong>Hilfe bei der Einschulungsfeier und anderen Aktivit\u00e4ten<\/strong><\/span><\/li>\n<li><span style=\"color: #382c84\"><strong>Organisation eines Flohmarkts auf dem Schulgel\u00e4nde<\/strong><\/span><\/li>\n<li><span style=\"color: #382c84\"><strong>Beratung f\u00fcr Eltern in schulischen Fragen<\/strong><\/span><\/li>\n<li><span style=\"color: #382c84\"><strong>Dolmetschen bei Elterngespr\u00e4chen<\/strong><\/span><\/li>\n<li><span style=\"color: #382c84\"><strong>Neu: Sprachkurs im Elterncaf\u00e9 f\u00fcr Eltern<br \/><\/strong><\/span><\/li>\n<\/ul>\n<p><span style=\"color: #382c84\">Bei Interesse k\u00f6nnen wir auch gerne weitere Eltern unserer Schule zu Elternmentoren ausbilden. Bitte sprechen Sie uns dazu an!<\/span><\/p>\n<p>[\/et_pb_text][\/et_pb_column][et_pb_column type=&#8220;2_5&#8243; _builder_version=&#8220;4.16&#8243; custom_padding=&#8220;|||&#8220; global_colors_info=&#8220;{}&#8220; custom_padding__hover=&#8220;|||&#8220;][et_pb_blurb title=&#8220;Das Elterncaf\u00e9&#8220; image=&#8220;https:\/\/schule-sterntalerstrasse.hamburg.de\/wp-content\/uploads\/sites\/125\/2022\/02\/HP-Grafik.png&#8220; _builder_version=&#8220;4.27.0&#8243; _module_preset=&#8220;default&#8220; header_text_color=&#8220;#382c84&#8243; header_font_size=&#8220;19px&#8220; global_colors_info=&#8220;{}&#8220;]<\/p>\n<p><span style=\"color: #382c84\">Das Elterncaf\u00e9 findet immer dienstags von 8:30 bis 9:30 im Haus 1 statt. Sie sind herzlich willkommen!<\/span><\/p>\n<p>&nbsp;<\/p>\n<p>[\/et_pb_blurb][\/et_pb_column][\/et_pb_row][\/et_pb_section]<\/p>\n","protected":false},"excerpt":{"rendered":"<p>Unsere Schule nimmt seit dem Schuljahr 2014\/15 an dem Projekt\u00a0\u201eSchulmentoren \u2013 Hand in Hand f\u00fcr starke Schulen\u201c\u00a0teil. Hierbei handelt es sich um ein Kooperationsprojekt der Beh\u00f6rde f\u00fcr Schule und Berufsbildung und des freien Tr\u00e4gers KWB Koordinierungsstelle Weiterbildung und Besch\u00e4ftigung e.V. Unsere Elternmentor*innen beteiligen sich an folgenden Aktivit\u00e4ten: Unterst\u00fctzung beim Tag der Offenen T\u00fcr Hilfe bei [&hellip;]<\/p>\n","protected":false},"author":1874,"featured_media":0,"parent":2318,"menu_order":0,"comment_status":"closed","ping_status":"closed","template":"","meta":{"_acf_changed":false,"_et_pb_use_builder":"on","_et_pb_old_content":"<p>Unsere Schule nimmt seit dem Schuljahr 2014\/15 an dem Projekt\u00a0<strong>\u201eSchulmentoren \u2013 Hand in Hand f\u00fcr starke Schulen\u201c<\/strong>\u00a0teil. Hierbei handelt es sich um ein Kooperationsprojekt der Beh\u00f6rde f\u00fcr Schule und Berufsbildung und des freien Tr\u00e4gers KWB Koordinierungsstelle Weiterbildung und Besch\u00e4ftigung e.V.<\/p><p><strong>Derzeit findet unser Elterncaf\u00e9 jeden Dienstag von 8.30 Uhr bis 10.00 Uhr statt.<\/strong><\/p><p>Unsere Elternmentor*innen beteiligen sich an folgenden Aktivit\u00e4ten:<\/p><ul><li><strong>Unterst\u00fctzung beim Tag der Offenen T\u00fcr<\/strong><\/li><li><strong>Hilfe bei der Einschulungsfeier und anderen Aktivit\u00e4ten<\/strong><\/li><li><strong>Organisation eines Flohmarkts auf dem Schulgel\u00e4nde<\/strong><\/li><li><strong>Beratung f\u00fcr Eltern in schulischen Fragen<\/strong><\/li><li><strong>Dolmetschen bei Elterngespr\u00e4chen<\/strong><\/li><li><strong>Neu: Sprachkurs im Elterncaf\u00e9 f\u00fcr Eltern<br \/><\/strong><\/li><\/ul><p>Bei Interesse k\u00f6nnen wir auch gerne weitere Eltern unserer Schule zu Elternmentoren ausbilden. Bitte sprechen Sie uns dazu an!<\/p>","_et_gb_content_width":"","footnotes":""},"class_list":["post-2440","page","type-page","status-publish","hentry"],"acf":[],"_links":{"self":[{"href":"https:\/\/schule-sterntalerstrasse.hamburg.de\/index.php?rest_route=\/wp\/v2\/pages\/2440","targetHints":{"allow":["GET"]}}],"collection":[{"href":"https:\/\/schule-sterntalerstrasse.hamburg.de\/index.php?rest_route=\/wp\/v2\/pages"}],"about":[{"href":"https:\/\/schule-sterntalerstrasse.hamburg.de\/index.php?rest_route=\/wp\/v2\/types\/page"}],"author":[{"embeddable":true,"href":"https:\/\/schule-sterntalerstrasse.hamburg.de\/index.php?rest_route=\/wp\/v2\/users\/1874"}],"replies":[{"embeddable":true,"href":"https:\/\/schule-sterntalerstrasse.hamburg.de\/index.php?rest_route=%2Fwp%2Fv2%2Fcomments&post=2440"}],"version-history":[{"count":19,"href":"https:\/\/schule-sterntalerstrasse.hamburg.de\/index.php?rest_route=\/wp\/v2\/pages\/2440\/revisions"}],"predecessor-version":[{"id":2701,"href":"https:\/\/schule-sterntalerstrasse.hamburg.de\/index.php?rest_route=\/wp\/v2\/pages\/2440\/revisions\/2701"}],"up":[{"embeddable":true,"href":"https:\/\/schule-sterntalerstrasse.hamburg.de\/index.php?rest_route=\/wp\/v2\/pages\/2318"}],"wp:attachment":[{"href":"https:\/\/schule-sterntalerstrasse.hamburg.de\/index.php?rest_route=%2Fwp%2Fv2%2Fmedia&parent=2440"}],"curies":[{"name":"wp","href":"https:\/\/api.w.org\/{rel}","templated":true}]}}