{"id":2318,"date":"2024-03-19T16:30:15","date_gmt":"2024-03-19T16:30:15","guid":{"rendered":"https:\/\/schule-sterntalerstrasse.hamburg.de\/?page_id=2318"},"modified":"2025-05-05T10:29:35","modified_gmt":"2025-05-05T10:29:35","slug":"unsere-schule","status":"publish","type":"page","link":"https:\/\/schule-sterntalerstrasse.hamburg.de\/?page_id=2318","title":{"rendered":"Unsere Schule"},"content":{"rendered":"<p>[et_pb_section fb_built=&#8220;1&#8243; _builder_version=&#8220;4.25.2&#8243; global_colors_info=&#8220;{}&#8220;][et_pb_row _builder_version=&#8220;4.25.2&#8243; background_color=&#8220;#cce8f7&#8243; background_size=&#8220;initial&#8220; background_position=&#8220;top_left&#8220; background_repeat=&#8220;repeat&#8220; border_color_all=&#8220;#FFFFFF&#8220; border_width_all_tablet=&#8220;10px&#8220; border_width_all_phone=&#8220;10px&#8220; border_width_all_last_edited=&#8220;on|desktop&#8220; global_colors_info=&#8220;{}&#8220;][et_pb_column type=&#8220;4_4&#8243; _builder_version=&#8220;4.16&#8243; custom_padding=&#8220;|||&#8220; global_colors_info=&#8220;{}&#8220; custom_padding__hover=&#8220;|||&#8220;][et_pb_heading title=&#8220;Herzlich willkommen in unserer Schule!&#8220; _builder_version=&#8220;4.24.3&#8243; _module_preset=&#8220;default&#8220; title_text_color=&#8220;#0f0082&#8243; global_colors_info=&#8220;{}&#8220;][\/et_pb_heading][et_pb_text _builder_version=&#8220;4.16&#8243; background_size=&#8220;initial&#8220; background_position=&#8220;top_left&#8220; background_repeat=&#8220;repeat&#8220; global_colors_info=&#8220;{}&#8220;]<\/p>\n<p style=\"text-align: justify\">\n<p style=\"text-align: justify\"><img loading=\"lazy\" decoding=\"async\" class=\"size-large wp-image-695 alignleft\" src=\"https:\/\/schule-sterntalerstrasse.hamburg.de\/wp-content\/uploads\/sites\/125\/2017\/10\/2017-09-29-MUT-Sterntaler-Stra\u00dfe-19-1024x683.jpg\" alt=\"\" width=\"474\" height=\"316\" srcset=\"https:\/\/schule-sterntalerstrasse.hamburg.de\/wp-content\/uploads\/sites\/125\/2017\/10\/2017-09-29-MUT-Sterntaler-Stra\u00dfe-19-1024x683.jpg 1024w, https:\/\/schule-sterntalerstrasse.hamburg.de\/wp-content\/uploads\/sites\/125\/2017\/10\/2017-09-29-MUT-Sterntaler-Stra\u00dfe-19-150x100.jpg 150w, https:\/\/schule-sterntalerstrasse.hamburg.de\/wp-content\/uploads\/sites\/125\/2017\/10\/2017-09-29-MUT-Sterntaler-Stra\u00dfe-19-300x200.jpg 300w, https:\/\/schule-sterntalerstrasse.hamburg.de\/wp-content\/uploads\/sites\/125\/2017\/10\/2017-09-29-MUT-Sterntaler-Stra\u00dfe-19.jpg 2048w\" sizes=\"(max-width: 474px) 100vw, 474px\" \/><span style=\"color: #0f0082\">Wir freuen uns, dass Sie sich f\u00fcr unsere Schule interessieren.<\/span><\/p>\n<p style=\"text-align: justify\"><span style=\"color: #0f0082\"> Die Grundschule Sterntalerstra\u00dfe liegt geografisch in Billstedt\/ Horn. Die zur Zeit etwa 240 Sch\u00fcler*innen werden von 36 freundlichen und engagierten Lehrer*innen unterrichtet. Nat\u00fcrlich haben sich auch an unserer Schule im Laufe der Zeit verschiedene <strong>Schwerpunkte<\/strong> in der Schularbeit herausgebildet, die unser Schulleben bereichern:<br \/><\/span><span style=\"color: #0f0082;font-size: 14px\">Musik (<\/span><a href=\"https:\/\/schule-sterntalerstrasse.hamburg.de\/?p=631\" style=\"font-size: 14px;color: #0f0082\"><strong>Jeki<\/strong><\/a><span style=\"color: #0f0082;font-size: 14px\">, Instrumentalunterricht f\u00fcr jedes Kind),\u00a0<\/span><a href=\"https:\/\/schule-sterntalerstrasse.hamburg.de\/?p=912\" style=\"font-size: 14px;color: #0f0082\"><strong>Fly<\/strong><\/a><span style=\"color: #0f0082;font-size: 14px\"> (Family Literacy), Sport, F\u00f6rder- und Forderprogramme f\u00fcr einzelne Sch\u00fcler*innen, auch Lesen ist ein Schwerpunkt. Viele Kinder lesen mit <\/span><strong style=\"color: #0f0082;font-size: 14px\">Lesepaten<\/strong><span style=\"color: #0f0082;font-size: 14px\"> vom Leseleo, Balu und einmal j\u00e4hrlich findet eine Lesewoche mit einem Lesewettbewerb statt.<\/span><\/p>\n<p><span style=\"color: #0f0082\"><\/span><\/p>\n<p><span style=\"color: #0f0082\"><\/span><\/p>\n<p><span style=\"color: #0f0082\">In unserem\u00a0<a href=\"https:\/\/schule-sterntalerstrasse.hamburg.de\/?p=656\" style=\"color: #0f0082\"><strong>Elterncaf\u00e9<\/strong><\/a>\u00a0treffen sich w\u00f6chentlich interessierte Eltern zum Gespr\u00e4ch. Vier\u00a0<strong>Elternmentor*innen<\/strong> und zwei Lehrer*innen leiten das Caf\u00e9 kooperativ.<\/span><\/p>\n<p><span style=\"color: #0f0082\"><a href=\"https:\/\/schule-sterntalerstrasse.hamburg.de\/wp-content\/uploads\/sites\/125\/2015\/03\/Brotzeit.png\" style=\"color: #0f0082\"><img loading=\"lazy\" decoding=\"async\" class=\" wp-image-78 alignleft\" src=\"https:\/\/schule-sterntalerstrasse.hamburg.de\/wp-content\/uploads\/sites\/125\/2015\/03\/Brotzeit.png\" alt=\"Brotzeit\" width=\"105\" height=\"56\" \/><\/a><\/span><span style=\"color: #0f0082;font-size: 14px\">Seit 2013 k\u00f6nnen wir mit der Initiative <\/span><strong style=\"color: #0f0082;font-size: 14px\">\u201cbrotZeit\u201c jeden Morgen ab 07:15<\/strong><span style=\"color: #0f0082;font-size: 14px\"> Uhr kostenlos ein gesundes, abwechslungsreiches Fr\u00fchst\u00fcck f\u00fcr unsere Schulkinder anbieten.<\/span><\/p>\n<p><span style=\"color: #0f0082\">Erfahrene Vorschullehrer*innen unterrichten unsere<strong>\u00a0<a href=\"https:\/\/schule-sterntalerstrasse.hamburg.de\/?p=1900\" style=\"color: #0f0082\">Vorschulklassen<\/a><\/strong>, zus\u00e4tzlich zu den Grundschullehrer*innen sind drei Sonderschulp\u00e4dagog*innen und eine Lerntherapeutin unterrichtlich im Einsatz.<\/span><\/p>\n<p><span style=\"color: #0f0082\">Wir sind eine offene <strong><a href=\"https:\/\/schule-sterntalerstrasse.hamburg.de\/?page_id=46\" style=\"color: #0f0082\">Ganztagsschule<\/a><\/strong>, nachdem wir uns in Kooperation mit dem\u00a0<strong>IB<\/strong>\u00a0(Internationaler Bund) f\u00fcr das\u00a0<strong>GBS<\/strong>\u2013 Modell (Ganzt\u00e4gig Betreute Schule) entschieden hatten. Die Teilnahme am<strong>\u00a0Ganztag<\/strong> ist freiwillig. W<\/span><span style=\"color: #0f0082\">\u00fcnschen Eltern eine Betreuung am Nachmittag, k\u00f6nnen sie f\u00fcr ihre Kinder drei bis f\u00fcnf Tage in der Woche ausw\u00e4hlen. Neben Fr\u00fch- (6-8 Uhr) und Sp\u00e4tbetreuung (16-18 Uhr) gibt es t\u00e4glich wechselnde <a href=\"https:\/\/schule-sterntalerstrasse.hamburg.de\/?p=1285\" style=\"color: #0f0082\"><strong>Mittagessenangebote<\/strong><\/a>, Hausaufgabenbetreuung und interessante wechselnde Kursangebote. <br \/>F\u00fcr alle Ferien wird ganzt\u00e4gige Betreuung angeboten.<\/span><\/p>\n<p>&nbsp;<\/p>\n<p>[\/et_pb_text][\/et_pb_column][\/et_pb_row][\/et_pb_section]<\/p>\n","protected":false},"excerpt":{"rendered":"<p>Wir freuen uns, dass Sie sich f\u00fcr unsere Schule interessieren. Die Grundschule Sterntalerstra\u00dfe liegt geografisch in Billstedt\/ Horn. Die zur Zeit etwa 240 Sch\u00fcler*innen werden von 36 freundlichen und engagierten Lehrer*innen unterrichtet. Nat\u00fcrlich haben sich auch an unserer Schule im Laufe der Zeit verschiedene Schwerpunkte in der Schularbeit herausgebildet, die unser Schulleben bereichern:Musik (Jeki, Instrumentalunterricht [&hellip;]<\/p>\n","protected":false},"author":1874,"featured_media":0,"parent":0,"menu_order":0,"comment_status":"closed","ping_status":"closed","template":"","meta":{"_acf_changed":false,"_et_pb_use_builder":"on","_et_pb_old_content":"<p><strong>Herzlich willkommen in unserer Schule!<\/strong><\/p><p style=\"text-align: justify;\"><img class=\"size-large wp-image-695 alignleft\" src=\"https:\/\/schule-sterntalerstrasse.hamburg.de\/wp-content\/uploads\/sites\/125\/2017\/10\/2017-09-29-MUT-Sterntaler-Stra\u00dfe-19-1024x683.jpg\" alt=\"\" width=\"474\" height=\"316\" \/>Wir freuen uns, wenn Sie sich f\u00fcr unsere Schule interessieren. Unsere Grundschule liegt geografisch in Billstedt\/ Horn. Die zur Zeit etwa 240 Sch\u00fclerinnen und Sch\u00fcler werden von 36 freundlichen und engagierten Lehrerinnen unterrichtet. Nat\u00fcrlich haben sich auch an unserer Schule im Laufe der Zeit verschiedene interessante Schwerpunkte in der Schularbeit herausgebildet, die neben moderner werdendem Unterricht unser Schulleben bereichern. Exemplarisch sei genannt: Musik (<a href=\"https:\/\/schule-sterntalerstrasse.hamburg.de\/?p=631\"><strong>Jeki<\/strong><\/a>, Instrumentalunterricht f\u00fcr jedes Kind),\u00a0<a href=\"https:\/\/schule-sterntalerstrasse.hamburg.de\/?p=912\"><strong>Fly<\/strong><\/a>\u00a0(Family Literacy, ein Projekt, das die Elternmitarbeit und die Zusammenarbeit von Schule und Elternhaus f\u00f6rdert), Sport, F\u00f6rder- und Forderprogramme f\u00fcr einzelne Sch\u00fclerinnen und Sch\u00fcler, auch Lesen ist Schwerpunkt geblieben.\u00a0Viele Kinder lesen mit\u00a0<strong>Lesepaten<\/strong>\u00a0vom Leseleo, Balu und einmal j\u00e4hrlich findet ein Lesewettbewerb statt.<\/p><p>In unserem\u00a0<a href=\"https:\/\/schule-sterntalerstrasse.hamburg.de\/?p=656\"><strong>Elterncaf\u00e9<\/strong><\/a>\u00a0treffen sich w\u00f6chentlich interessierte Eltern zum Gespr\u00e4ch. Vier\u00a0<strong>Elternmentoren<\/strong>\u00a0und zwei Lehrerinnen leiten es kooperativ.<\/p><p><a href=\"https:\/\/schule-sterntalerstrasse.hamburg.de\/wp-content\/uploads\/sites\/125\/2015\/03\/Brotzeit.png\"><img class=\" wp-image-78 alignleft\" src=\"https:\/\/schule-sterntalerstrasse.hamburg.de\/wp-content\/uploads\/sites\/125\/2015\/03\/Brotzeit.png\" alt=\"Brotzeit\" width=\"105\" height=\"56\" \/><\/a><\/p><p>Seit 2013 k\u00f6nnen wir mit der Initiative <strong>\u201cbrotZeit\u201c jeden Morgen ab 07:15<\/strong> Uhr kostenlos ein gesundes, abwechslungsreiches Fr\u00fchst\u00fcck f\u00fcr unsere Schulkinder anbieten.<\/p><p>Erfahrene Vorschullehrer*innen unterrichten unsere<strong>\u00a0<a href=\"https:\/\/schule-sterntalerstrasse.hamburg.de\/?p=1900\">Vorschulklassen<\/a><\/strong>, zus\u00e4tzlich zu den Grundschullehrer*innen sind drei Sonderschulp\u00e4dagog*innen und eine Lerntherapeutin unterrichtlich im Einsatz.<\/p><p>Nun sind wir <a href=\"https:\/\/schule-sterntalerstrasse.hamburg.de\/?page_id=46\">Ganztagsschule<\/a>, nachdem wir uns in Kooperation mit dem\u00a0<strong>IB<\/strong>\u00a0(Internationaler Bund) f\u00fcr das\u00a0<strong>GBS<\/strong>\u2013 Modell (Ganzt\u00e4gig Betreute Schule) entschieden hatten. Die Teilnahme am<strong>\u00a0Ganztag<\/strong>\u00a0ist freiwillig, w\u00fcnschen Eltern dies, k\u00f6nnen sie f\u00fcr Ihre Kinder drei bis f\u00fcnf Tage in der Woche ausw\u00e4hlen. Neben Fr\u00fch- (6-8 Uhr) und Sp\u00e4tbetreuung (16-18 Uhr) gibt es t\u00e4glich wechselnde <a href=\"https:\/\/schule-sterntalerstrasse.hamburg.de\/?p=1285\">Mittagessenangebote<\/a>, Hausaufgabenbetreuung und interessante wechselnde Kursangebote. F\u00fcr alle Ferien wird ganzt\u00e4gige Betreuung angeboten.<\/p><p>Nach\u00a0einer dreij\u00e4hrigen Sanierungsphase genie\u00dfen wir unser gro\u00dfes neu gestaltetes Schulgrundst\u00fcck und die modernisierten Geb\u00e4ude.<\/p>","_et_gb_content_width":"","footnotes":""},"class_list":["post-2318","page","type-page","status-publish","hentry"],"acf":[],"_links":{"self":[{"href":"https:\/\/schule-sterntalerstrasse.hamburg.de\/index.php?rest_route=\/wp\/v2\/pages\/2318","targetHints":{"allow":["GET"]}}],"collection":[{"href":"https:\/\/schule-sterntalerstrasse.hamburg.de\/index.php?rest_route=\/wp\/v2\/pages"}],"about":[{"href":"https:\/\/schule-sterntalerstrasse.hamburg.de\/index.php?rest_route=\/wp\/v2\/types\/page"}],"author":[{"embeddable":true,"href":"https:\/\/schule-sterntalerstrasse.hamburg.de\/index.php?rest_route=\/wp\/v2\/users\/1874"}],"replies":[{"embeddable":true,"href":"https:\/\/schule-sterntalerstrasse.hamburg.de\/index.php?rest_route=%2Fwp%2Fv2%2Fcomments&post=2318"}],"version-history":[{"count":13,"href":"https:\/\/schule-sterntalerstrasse.hamburg.de\/index.php?rest_route=\/wp\/v2\/pages\/2318\/revisions"}],"predecessor-version":[{"id":2817,"href":"https:\/\/schule-sterntalerstrasse.hamburg.de\/index.php?rest_route=\/wp\/v2\/pages\/2318\/revisions\/2817"}],"wp:attachment":[{"href":"https:\/\/schule-sterntalerstrasse.hamburg.de\/index.php?rest_route=%2Fwp%2Fv2%2Fmedia&parent=2318"}],"curies":[{"name":"wp","href":"https:\/\/api.w.org\/{rel}","templated":true}]}}