{"id":229,"date":"2015-09-10T09:20:25","date_gmt":"2015-09-10T09:20:25","guid":{"rendered":"http:\/\/schule-sterntalerstrasse.schulhomepages.hamburg.de\/?page_id=229"},"modified":"2024-10-03T11:48:02","modified_gmt":"2024-10-03T11:48:02","slug":"paedagogische-insel","status":"publish","type":"page","link":"https:\/\/schule-sterntalerstrasse.hamburg.de\/?page_id=229","title":{"rendered":"P\u00e4dagogische Insel"},"content":{"rendered":"<p>[et_pb_section fb_built=&#8220;1&#8243; admin_label=&#8220;section&#8220; _builder_version=&#8220;4.16&#8243; global_colors_info=&#8220;{}&#8220;][et_pb_row admin_label=&#8220;row&#8220; _builder_version=&#8220;4.16&#8243; background_size=&#8220;initial&#8220; background_position=&#8220;top_left&#8220; background_repeat=&#8220;repeat&#8220; global_colors_info=&#8220;{}&#8220;][et_pb_column type=&#8220;4_4&#8243; _builder_version=&#8220;4.16&#8243; custom_padding=&#8220;|||&#8220; global_colors_info=&#8220;{}&#8220; custom_padding__hover=&#8220;|||&#8220;][et_pb_heading title=&#8220;Unsere p\u00e4dagogische Insel&#8220; _builder_version=&#8220;4.25.2&#8243; _module_preset=&#8220;default&#8220; title_text_color=&#8220;#0f0082&#8243; global_colors_info=&#8220;{}&#8220;][\/et_pb_heading][et_pb_text admin_label=&#8220;Text&#8220; _builder_version=&#8220;4.16&#8243; background_size=&#8220;initial&#8220; background_position=&#8220;top_left&#8220; background_repeat=&#8220;repeat&#8220; global_colors_info=&#8220;{}&#8220;]<\/p>\n<p style=\"text-align: justify\"><strong><span style=\"color: #312782\">Die Insel soll ein Erholungsort sein. Sie ist ein schulfreier Raum und damit ein Ruhepol zu den sonst stattfindenden Aktivit\u00e4ten in der Schulzeit. Das Kind soll eine geplante \u201eAuszeit\u201c bekommen, durch die es abschalten und relaxen kann. Das Kind soll, einfach ausgedr\u00fcckt, die \u201eSeele baumeln lassen\u201c k\u00f6nnen.<\/span><\/strong><\/p>\n<p><span style=\"color: #312782\">Wichtig ist zu wissen, dass in der Insel die <\/span><span style=\"color: #312782\">individuellen Bed\u00fcrfnisse im Mittelpunkt stehen. Das Kind kann sich \u00fcberlegen, wie es seine \u201eInselzeit\u201c nutzen m\u00f6chte. Die Insel bietet unterschiedliche M\u00f6glichkeiten, die Zeit positiv zu nutzen. Das Kind soll selbstbestimmt seine Inselzeit gestalten. Die Kinder suchen sich selber aus, womit sie sich besch\u00e4ftigen m\u00f6chten. Dadurch wird die Ich-Kompetenz gest\u00e4rkt, da das Kind \u201ein sich gehen muss\u201c um herauszufinden, was es m\u00f6chte.<\/span><\/p>\n<p style=\"text-align: justify\"><span style=\"color: #312782\">Durch die unterschiedliche Zusammensetzung k\u00f6nnen die Sch\u00fcler aus ihren gewohnten Rollen, die sie in der Klasse vertreten, ausbrechen. Ein positives Miteinander wird durch die kleinen Gruppen erreicht, indem freundschaftliche <\/span><span style=\"color: #312782\">Kontakte zu anderen Kindern entwickelt werden k\u00f6nnen.<\/span><\/p>\n<p style=\"text-align: justify\"><span style=\"color: #312782\">Die Kinder werden sensibilisiert \u201ein sich zu horchen\u201c, um so zu erkennen, welche Bed\u00fcrfnisse sie haben. Zudem wird gelernt, R\u00fccksicht anderen entgegen zu bringen und andere Kinder in Ruhe spielen zu lassen.<\/span><\/p>\n<ul style=\"font-size: 14px;background-color: #cce8f7;text-align: justify\"><\/ul>\n<ul style=\"text-align: justify\">\n<li style=\"text-align: justify\"><strong><span style=\"color: #312782\">Die Kinder k\u00f6nnen Angebote nutzen, z. B. miteinander s<\/span><span style=\"color: #312782\">pielen, etwas gestalten, sich zur\u00fcckziehen sowie sich entspannen.<\/span><\/strong><\/li>\n<li style=\"text-align: justify\"><strong><span style=\"color: #312782\">Des Weiteren k\u00f6nnen die Kinder <span style=\"color: #312782\">auch von ihren Sorgen erz\u00e4hlen, wenn sie es m\u00f6chten. <\/span><\/span><\/strong><\/li>\n<li style=\"text-align: justify\"><strong><span style=\"color: #312782\">Durch die Insel soll das Kind gest\u00e4rkt in den Alltag gehen<\/span><\/strong><\/li>\n<\/ul>\n<p>&nbsp;<\/p>\n<p>[\/et_pb_text][\/et_pb_column][\/et_pb_row][et_pb_row _builder_version=&#8220;4.25.2&#8243; _module_preset=&#8220;default&#8220; global_colors_info=&#8220;{}&#8220;][et_pb_column type=&#8220;4_4&#8243; _builder_version=&#8220;4.25.2&#8243; _module_preset=&#8220;default&#8220; global_colors_info=&#8220;{}&#8220;][\/et_pb_column][\/et_pb_row][\/et_pb_section]<\/p>\n","protected":false},"excerpt":{"rendered":"<p>Die Insel soll ein Erholungsort sein. Sie ist ein schulfreier Raum und damit ein Ruhepol zu den sonst stattfindenden Aktivit\u00e4ten in der Schulzeit. Das Kind soll eine geplante \u201eAuszeit\u201c bekommen, durch die es abschalten und relaxen kann. Das Kind soll, einfach ausgedr\u00fcckt, die \u201eSeele baumeln lassen\u201c k\u00f6nnen. Wichtig ist zu wissen, dass in der Insel [&hellip;]<\/p>\n","protected":false},"author":193,"featured_media":274,"parent":0,"menu_order":0,"comment_status":"closed","ping_status":"closed","template":"","meta":{"_acf_changed":false,"_et_pb_use_builder":"on","_et_pb_old_content":"<p style=\"text-align: justify\"><span style=\"color: #312782\">Die Insel soll ein Erholungsort sein. Sie ist ein schulfreier Raum und damit ein Ruhepol zu den sonst stattfindenden Aktivit\u00e4ten in der Schulzeit. Das Kind soll eine geplante \u201eAuszeit\u201c bekommen, durch die es abschalten und relaxen kann. Das Kind soll, einfach ausgedr\u00fcckt, die \u201eSeele baumeln lassen\u201c k\u00f6nnen.<a style=\"color: #312782\" href=\"https:\/\/schule-sterntalerstrasse.hamburg.de\/wp-content\/uploads\/sites\/125\/2015\/09\/20150909_172452.jpg\"><img class=\"alignleft size-thumbnail wp-image-232\" src=\"https:\/\/schule-sterntalerstrasse.hamburg.de\/wp-content\/uploads\/sites\/125\/2015\/09\/20150909_172452-150x150.jpg\" alt=\"20150909_172452\" width=\"150\" height=\"150\" \/><\/a><\/span><\/p>\r\n<p style=\"text-align: justify\"><span style=\"color: #312782\">Wichtig ist zu wissen, dass in der Insel die <\/span><span style=\"color: #312782\">individuellen Bed\u00fcrfnisse im Mittelpunkt stehen. Das Kind kann sich \u00fcberlegen, wie es seine \u201eInselzeit\u201c nutzen m\u00f6chte. Die Insel bietet unterschiedliche M\u00f6glichkeiten, die Zeit positiv zu nutzen. Das Kind soll selbstbestimmt seine Inselzeit gestalten. Die Kinder suchen sich selber aus, womit sie sich besch\u00e4ftigen m\u00f6chten. Dadurch wird die Ich-Kompetenz gest\u00e4rkt, da das Kind \u201ein sich gehen muss\u201c um herauszufinden, was es m\u00f6chte.<a style=\"color: #312782\" href=\"https:\/\/schule-sterntalerstrasse.hamburg.de\/wp-content\/uploads\/sites\/125\/2015\/09\/20150909_175734.jpg\"><img class=\"alignleft size-thumbnail wp-image-231\" src=\"https:\/\/schule-sterntalerstrasse.hamburg.de\/wp-content\/uploads\/sites\/125\/2015\/09\/20150909_175734-150x150.jpg\" alt=\"20150909_175734\" width=\"150\" height=\"150\" \/><\/a><\/span><\/p>\r\n<p style=\"text-align: justify\"><span style=\"color: #312782\">Durch die unterschiedliche Zusam\u2013mensetzung k\u00f6nnen die Sch\u00fcler aus ihren gewohnten Rollen, die sie in der Klasse vertreten, ausbrechen. Ein positives Miteinander wird durch die kleinen Gruppen erreicht, indem freundschaftliche <\/span><span style=\"color: #312782\">Kontakte zu anderen Kindern entwickelt werden k\u00f6nnen.<\/span><\/p>\r\n<p style=\"text-align: justify\"><span style=\"color: #312782\">Die Kinder werden sensibilisiert \u201ein sich zu horchen\u201c, um so zu erkennen, welche Bed\u00fcrfnisse sie haben. Zudem wird gelernt, R\u00fccksicht anderen entgegen zu bringen und andere Kinder in Ruhe spielen zu lassen.<\/span><\/p>\r\n<p style=\"text-align: justify\"><span style=\"color: #312782\"><img class=\"size-medium wp-image-233 alignnone\" src=\"https:\/\/schule-sterntalerstrasse.hamburg.de\/wp-content\/uploads\/sites\/125\/2015\/09\/20140822_092657-300x169.jpg\" alt=\"20140822_092657\" width=\"300\" height=\"169\" \/><\/span><\/p>\r\n\r\n<ul style=\"text-align: justify\">\r\n\t<li style=\"text-align: justify\"><span style=\"color: #312782\">Die Kinder k\u00f6nnen Angebote nutzen, z. B. miteinander s<\/span><span style=\"color: #312782\">pielen, etwas gestalten, sich zur\u00fcckziehen sowie sich entspannen.<\/span><\/li>\r\n\t<li style=\"text-align: justify\"><span style=\"color: #312782\">Des Weiteren k\u00f6nnen die Kinder <span style=\"color: #312782\">auch von ihren Sorgen erz\u00e4hlen, wenn sie es m\u00f6chten. <\/span><\/span><\/li>\r\n\t<li style=\"text-align: justify\"><span style=\"color: #312782\">Durch die Insel soll das Kind gest\u00e4rkt in den Alltag gehen.<\/span><\/li>\r\n<\/ul>\r\n<span style=\"color: #312782\">S.U.<\/span>","_et_gb_content_width":"","footnotes":""},"class_list":["post-229","page","type-page","status-publish","has-post-thumbnail","hentry"],"acf":[],"_links":{"self":[{"href":"https:\/\/schule-sterntalerstrasse.hamburg.de\/index.php?rest_route=\/wp\/v2\/pages\/229","targetHints":{"allow":["GET"]}}],"collection":[{"href":"https:\/\/schule-sterntalerstrasse.hamburg.de\/index.php?rest_route=\/wp\/v2\/pages"}],"about":[{"href":"https:\/\/schule-sterntalerstrasse.hamburg.de\/index.php?rest_route=\/wp\/v2\/types\/page"}],"author":[{"embeddable":true,"href":"https:\/\/schule-sterntalerstrasse.hamburg.de\/index.php?rest_route=\/wp\/v2\/users\/193"}],"replies":[{"embeddable":true,"href":"https:\/\/schule-sterntalerstrasse.hamburg.de\/index.php?rest_route=%2Fwp%2Fv2%2Fcomments&post=229"}],"version-history":[{"count":6,"href":"https:\/\/schule-sterntalerstrasse.hamburg.de\/index.php?rest_route=\/wp\/v2\/pages\/229\/revisions"}],"predecessor-version":[{"id":2645,"href":"https:\/\/schule-sterntalerstrasse.hamburg.de\/index.php?rest_route=\/wp\/v2\/pages\/229\/revisions\/2645"}],"wp:featuredmedia":[{"embeddable":true,"href":"https:\/\/schule-sterntalerstrasse.hamburg.de\/index.php?rest_route=\/wp\/v2\/media\/274"}],"wp:attachment":[{"href":"https:\/\/schule-sterntalerstrasse.hamburg.de\/index.php?rest_route=%2Fwp%2Fv2%2Fmedia&parent=229"}],"curies":[{"name":"wp","href":"https:\/\/api.w.org\/{rel}","templated":true}]}}