{"id":2286,"date":"2024-02-21T13:49:53","date_gmt":"2024-02-21T13:49:53","guid":{"rendered":"https:\/\/schule-sterntalerstrasse.hamburg.de\/?page_id=2286"},"modified":"2024-07-04T10:27:34","modified_gmt":"2024-07-04T10:27:34","slug":"schulverein","status":"publish","type":"page","link":"https:\/\/schule-sterntalerstrasse.hamburg.de\/?page_id=2286","title":{"rendered":"Schulverein"},"content":{"rendered":"<p>[et_pb_section fb_built=&#8220;1&#8243; _builder_version=&#8220;4.25.2&#8243; _module_preset=&#8220;default&#8220; hover_enabled=&#8220;0&#8243; global_colors_info=&#8220;{}&#8220; sticky_enabled=&#8220;0&#8243;][et_pb_row _builder_version=&#8220;4.25.1&#8243; _module_preset=&#8220;default&#8220; global_colors_info=&#8220;{}&#8220;][et_pb_column type=&#8220;4_4&#8243; _builder_version=&#8220;4.25.1&#8243; _module_preset=&#8220;default&#8220; global_colors_info=&#8220;{}&#8220;][et_pb_heading title=&#8220;Schulverein&#8220; _builder_version=&#8220;4.25.1&#8243; _module_preset=&#8220;default&#8220; title_text_color=&#8220;#0f0082&#8243; min_height=&#8220;35px&#8220; custom_margin=&#8220;||26px|||&#8220; custom_padding=&#8220;||0px|||&#8220; global_colors_info=&#8220;{}&#8220;][\/et_pb_heading][et_pb_text _builder_version=&#8220;4.25.1&#8243; _module_preset=&#8220;default&#8220; global_colors_info=&#8220;{}&#8220;]<\/p>\n<p><span style=\"color: #0f0082\">Hier k\u00f6nnen Sie das Dokument f\u00fcr den Beitritt in unseren Schulverein herunterladen. Das ausgef\u00fcllte Formular geben Sie entweder direkt im Schulb\u00fcro ab oder Sie senden es unterschrieben an\u00a0<strong><a href=\"mailto:schule-sterntalertrasse@bsb.hamburg.de\" style=\"color: #0f0082\">schule-sterntalertrasse@bsb.hamburg.de<\/a><\/strong><\/span><\/p>\n<p><span style=\"color: #0f0082\">\u00a0<\/span><\/p>\n<p><span style=\"color: #0f0082\"><strong><span style=\"text-decoration: underline\"><a href=\"https:\/\/schule-sterntalerstrasse.hamburg.de\/wp-content\/uploads\/sites\/125\/2024\/02\/Beitrittserklaerung.pdf\" style=\"color: #0f0082;text-decoration: underline\">Beitrittserkla\u0308rung<\/a><\/span><\/strong><\/span><\/p>\n<p>[\/et_pb_text][\/et_pb_column][\/et_pb_row][\/et_pb_section]<\/p>\n","protected":false},"excerpt":{"rendered":"<p>Hier k\u00f6nnen Sie das Dokument f\u00fcr den Beitritt in unseren Schulverein herunterladen. Das ausgef\u00fcllte Formular geben Sie entweder direkt im Schulb\u00fcro ab oder Sie senden es unterschrieben an\u00a0schule-sterntalertrasse@bsb.hamburg.de \u00a0 Beitrittserkla\u0308rung<\/p>\n","protected":false},"author":1874,"featured_media":0,"parent":112,"menu_order":3,"comment_status":"closed","ping_status":"closed","template":"","meta":{"_acf_changed":false,"_et_pb_use_builder":"on","_et_pb_old_content":"<p>Hier k\u00f6nnen Sie das Dokument f\u00fcr den Beitritt in unseren Schulverein herunterladen. Das ausgef\u00fcllte Formular geben Sie entweder direkt im Schulb\u00fcro ab oder Sie senden es unterschrieben an <a href=\"mailto:Jasmin.Daumann@bsb.hamburg-de\">schule-sterntalertrasse@bsb.hamburg.de<\/a><\/p><p>\u00a0<\/p><p><a href=\"https:\/\/schule-sterntalerstrasse.hamburg.de\/wp-content\/uploads\/sites\/125\/2024\/02\/Beitrittserklaerung.pdf\">Beitrittserkla\u0308rung<\/a><\/p>","_et_gb_content_width":"","footnotes":""},"class_list":["post-2286","page","type-page","status-publish","hentry"],"acf":[],"_links":{"self":[{"href":"https:\/\/schule-sterntalerstrasse.hamburg.de\/index.php?rest_route=\/wp\/v2\/pages\/2286","targetHints":{"allow":["GET"]}}],"collection":[{"href":"https:\/\/schule-sterntalerstrasse.hamburg.de\/index.php?rest_route=\/wp\/v2\/pages"}],"about":[{"href":"https:\/\/schule-sterntalerstrasse.hamburg.de\/index.php?rest_route=\/wp\/v2\/types\/page"}],"author":[{"embeddable":true,"href":"https:\/\/schule-sterntalerstrasse.hamburg.de\/index.php?rest_route=\/wp\/v2\/users\/1874"}],"replies":[{"embeddable":true,"href":"https:\/\/schule-sterntalerstrasse.hamburg.de\/index.php?rest_route=%2Fwp%2Fv2%2Fcomments&post=2286"}],"version-history":[{"count":5,"href":"https:\/\/schule-sterntalerstrasse.hamburg.de\/index.php?rest_route=\/wp\/v2\/pages\/2286\/revisions"}],"predecessor-version":[{"id":2580,"href":"https:\/\/schule-sterntalerstrasse.hamburg.de\/index.php?rest_route=\/wp\/v2\/pages\/2286\/revisions\/2580"}],"up":[{"embeddable":true,"href":"https:\/\/schule-sterntalerstrasse.hamburg.de\/index.php?rest_route=\/wp\/v2\/pages\/112"}],"wp:attachment":[{"href":"https:\/\/schule-sterntalerstrasse.hamburg.de\/index.php?rest_route=%2Fwp%2Fv2%2Fmedia&parent=2286"}],"curies":[{"name":"wp","href":"https:\/\/api.w.org\/{rel}","templated":true}]}}